{"id":105,"date":"2021-04-14T12:17:56","date_gmt":"2021-04-14T10:17:56","guid":{"rendered":"http:\/\/taalbureauaccent.nl\/pl\/?post_type=product&#038;p=105"},"modified":"2024-11-21T17:32:29","modified_gmt":"2024-11-21T16:32:29","slug":"105","status":"publish","type":"product","link":"https:\/\/taalbureauaccent.nl\/pl\/product\/105\/","title":{"rendered":"365 dni z j\u0119zykiem niderlandzkim, czasownik cz\u0119\u015b\u0107 1"},"content":{"rendered":"<p>Szukasz podr\u0119cznika, kt\u00f3ry pomo\u017ce Ci opanowa\u0107, w przyst\u0119pny spos\u00f3b, j\u0119zyk niderlandzki? To w\u0142a\u015bnie go znalaz\u0142e\u015b!<br \/>\n&#8222;365 dni z j\u0119zykiem niderlandzkim, czasownik cz\u0119\u015b\u0107 1&#8221; to pierwszy z serii podr\u0119cznik do samodzielnej nauki dzie\u0144 po dniu, nie wymagaj\u0105cy wielogodzinnych lekcji czy przyswajania wszystkich s\u0142\u00f3wek na pami\u0119\u0107.<\/p>\n<p>Ksi\u0105\u017cka jest r\u00f3wnie\u017c \u015bwietnym narz\u0119dziem wspieraj\u0105cym nauk\u0119!<\/p>\n<p>W dowolnym miejscu, w dowolnym czasie mo\u017cesz uczy\u0107 si\u0119 j\u0119zyka niderlandzkiego! Dzie\u0144 po dniu b\u0119dziesz zbli\u017ca\u0142 si\u0119 do p\u0142ynno\u015bci w rozumieniu i m\u00f3wieniu po niderlandzku! Przekonaj si\u0119 sam!<\/p>\n<p>UWAGA! Z POWODU DU\u017bEGO ZAINTERESOWANIA REALIZACJA ZAM\u00d3WIE\u0143 TRWA DO 5 dni roboczych<\/p>\n<p>Ucz\u0105c si\u0119 z tego podr\u0119cznika:<\/p>\n<ul>\n<li><strong>wyrobisz w sobie nawyk codziennej nauki<\/strong> \u2013 \u0107wiczenia zaplanowa\u0142am na ka\u017cdy dzie\u0144 tygodnia przez 365 dni w roku,<\/li>\n<li><strong>przekonasz si\u0119, \u017ce samodzielna nauka te\u017c mo\u017ce by\u0107 skuteczna<\/strong> \u2013 podr\u0119cznik zosta\u0142 tak skonstruowany, by\u015b wiedzia\u0142, co robi\u0107 krok po kroku i nie zniech\u0119ca\u0142 si\u0119,<\/li>\n<li><strong>zyskasz przydatne s\u0142ownictwo<\/strong> do codziennego poruszania si\u0119 po niderlandzkim,<\/li>\n<li>z \u0142atwo\u015bci\u0105 i bez rozpraszania si\u0119 <strong>przyswoisz gramatyk\u0119<\/strong>.<\/li>\n<\/ul>\n<p><strong>Zam\u00f3w podr\u0119cznik jeszcze dzi\u015b i otrzymaj niespodziank\u0119!<\/strong><\/p>\n<p>Do podr\u0119cznika dost\u0119pny jest r\u00f3wnie\u017c zestaw test\u00f3w online. Mo\u017cna go zam\u00f3wi\u0107 tutaj: <a href=\"https:\/\/taalbureauaccent.nl\/pl\/product\/online-leeromgeving-toegang\/\">https:\/\/taalbureauaccent.nl\/pl\/product\/online-leeromgeving-toegang\/<\/a><\/p>\n","protected":false},"excerpt":{"rendered":"<p>Przedstawiam pierwsz\u0105 cz\u0119\u015b\u0107 mojego autorskiego podr\u0119cznika do samodzielnej nauki holenderskiego. Kupuj\u0105c ten produkt jeszcze dzi\u015b, otrzymujesz w pakiecie:<\/p>\n<ul>\n<li>podr\u0119cznik w wersji drukowanej z najwa\u017cniejszymi czasownikami, przyk\u0142adami zda\u0144 przydatnych w codziennej komunikacji oraz lekcjami gramatyki,<\/li>\n<li>testy online do powt\u00f3rki materia\u0142u z podr\u0119cznika w promocyjnej cenie,<\/li>\n<li>niespodziank\u0119, kt\u00f3ra sprawi, \u017ce samodzielna nauka holenderskiego b\u0119dzie jeszcze przyjemniejsza.<\/li>\n<\/ul>\n","protected":false},"featured_media":1009,"comment_status":"open","ping_status":"closed","template":"","meta":[],"product_brand":[],"product_cat":[17],"product_tag":[],"class_list":{"0":"post-105","1":"product","2":"type-product","3":"status-publish","4":"has-post-thumbnail","6":"product_cat-ksiazki","8":"first","9":"instock","10":"shipping-taxable","11":"purchasable","12":"product-type-simple"},"yoast_head":"<!-- This site is optimized with the Yoast SEO plugin v27.5 - https:\/\/yoast.com\/product\/yoast-seo-wordpress\/ -->\n<title>365 dni z j\u0119zykiem niderlandzkim, czasownik cz\u0119\u015b\u0107 1 - Taalbureau Accent<\/title>\n<meta name=\"robots\" content=\"index, follow, max-snippet:-1, max-image-preview:large, max-video-preview:-1\" \/>\n<link rel=\"canonical\" href=\"https:\/\/taalbureauaccent.nl\/pl\/product\/105\/\" \/>\n<meta property=\"og:locale\" content=\"pl_PL\" \/>\n<meta property=\"og:type\" content=\"article\" \/>\n<meta property=\"og:title\" content=\"365 dni z j\u0119zykiem niderlandzkim, czasownik cz\u0119\u015b\u0107 1 - Taalbureau Accent\" \/>\n<meta property=\"og:description\" content=\"Przedstawiam pierwsz\u0105 cz\u0119\u015b\u0107 mojego autorskiego podr\u0119cznika do samodzielnej nauki holenderskiego. Kupuj\u0105c ten produkt jeszcze dzi\u015b, otrzymujesz w pakiecie:   podr\u0119cznik w wersji drukowanej z najwa\u017cniejszymi czasownikami, przyk\u0142adami zda\u0144 przydatnych w codziennej komunikacji oraz lekcjami gramatyki,  testy online do powt\u00f3rki materia\u0142u z podr\u0119cznika w promocyjnej cenie,  niespodziank\u0119, kt\u00f3ra sprawi, \u017ce samodzielna nauka holenderskiego b\u0119dzie jeszcze przyjemniejsza.\" \/>\n<meta property=\"og:url\" content=\"https:\/\/taalbureauaccent.nl\/pl\/product\/105\/\" \/>\n<meta property=\"og:site_name\" content=\"Taalbureau Accent\" \/>\n<meta property=\"article:modified_time\" content=\"2024-11-21T16:32:29+00:00\" \/>\n<meta property=\"og:image\" content=\"https:\/\/taalbureauaccent.nl\/pl\/wp-content\/uploads\/2021\/04\/reklama-cz-I-002-jpg.webp\" \/>\n\t<meta property=\"og:image:width\" content=\"1000\" \/>\n\t<meta property=\"og:image:height\" content=\"750\" \/>\n\t<meta property=\"og:image:type\" content=\"image\/jpeg\" \/>\n<meta name=\"twitter:card\" content=\"summary_large_image\" \/>\n<meta name=\"twitter:label1\" content=\"Szacowany czas czytania\" \/>\n\t<meta name=\"twitter:data1\" content=\"1 minuta\" \/>\n<script type=\"application\/ld+json\" class=\"yoast-schema-graph\">{\"@context\":\"https:\\\/\\\/schema.org\",\"@graph\":[{\"@type\":\"WebPage\",\"@id\":\"https:\\\/\\\/taalbureauaccent.nl\\\/pl\\\/product\\\/105\\\/\",\"url\":\"https:\\\/\\\/taalbureauaccent.nl\\\/pl\\\/product\\\/105\\\/\",\"name\":\"365 dni z j\u0119zykiem niderlandzkim, czasownik cz\u0119\u015b\u0107 1 - Taalbureau Accent\",\"isPartOf\":{\"@id\":\"https:\\\/\\\/taalbureauaccent.nl\\\/pl\\\/#website\"},\"primaryImageOfPage\":{\"@id\":\"https:\\\/\\\/taalbureauaccent.nl\\\/pl\\\/product\\\/105\\\/#primaryimage\"},\"image\":{\"@id\":\"https:\\\/\\\/taalbureauaccent.nl\\\/pl\\\/product\\\/105\\\/#primaryimage\"},\"thumbnailUrl\":\"https:\\\/\\\/taalbureauaccent.nl\\\/pl\\\/wp-content\\\/uploads\\\/2021\\\/04\\\/reklama-cz-I-002-jpg.webp\",\"datePublished\":\"2021-04-14T10:17:56+00:00\",\"dateModified\":\"2024-11-21T16:32:29+00:00\",\"breadcrumb\":{\"@id\":\"https:\\\/\\\/taalbureauaccent.nl\\\/pl\\\/product\\\/105\\\/#breadcrumb\"},\"inLanguage\":\"pl-PL\",\"potentialAction\":[{\"@type\":\"ReadAction\",\"target\":[\"https:\\\/\\\/taalbureauaccent.nl\\\/pl\\\/product\\\/105\\\/\"]}]},{\"@type\":\"ImageObject\",\"inLanguage\":\"pl-PL\",\"@id\":\"https:\\\/\\\/taalbureauaccent.nl\\\/pl\\\/product\\\/105\\\/#primaryimage\",\"url\":\"https:\\\/\\\/taalbureauaccent.nl\\\/pl\\\/wp-content\\\/uploads\\\/2021\\\/04\\\/reklama-cz-I-002-jpg.webp\",\"contentUrl\":\"https:\\\/\\\/taalbureauaccent.nl\\\/pl\\\/wp-content\\\/uploads\\\/2021\\\/04\\\/reklama-cz-I-002-jpg.webp\",\"width\":1000,\"height\":750},{\"@type\":\"BreadcrumbList\",\"@id\":\"https:\\\/\\\/taalbureauaccent.nl\\\/pl\\\/product\\\/105\\\/#breadcrumb\",\"itemListElement\":[{\"@type\":\"ListItem\",\"position\":1,\"name\":\"Home\",\"item\":\"https:\\\/\\\/taalbureauaccent.nl\\\/pl\\\/\"},{\"@type\":\"ListItem\",\"position\":2,\"name\":\"Sklep\",\"item\":\"https:\\\/\\\/taalbureauaccent.nl\\\/pl\\\/sklep\\\/\"},{\"@type\":\"ListItem\",\"position\":3,\"name\":\"365 dni z j\u0119zykiem niderlandzkim, czasownik cz\u0119\u015b\u0107 1\"}]},{\"@type\":\"WebSite\",\"@id\":\"https:\\\/\\\/taalbureauaccent.nl\\\/pl\\\/#website\",\"url\":\"https:\\\/\\\/taalbureauaccent.nl\\\/pl\\\/\",\"name\":\"Taalbureau Accent\",\"description\":\"Taal Bureau Accent firma tworzona przez m\u0142odych, dynamicznych ludzi z ogromn\u0105 pasj\u0105 do nauczania.\",\"publisher\":{\"@id\":\"https:\\\/\\\/taalbureauaccent.nl\\\/pl\\\/#organization\"},\"potentialAction\":[{\"@type\":\"SearchAction\",\"target\":{\"@type\":\"EntryPoint\",\"urlTemplate\":\"https:\\\/\\\/taalbureauaccent.nl\\\/pl\\\/?s={search_term_string}\"},\"query-input\":{\"@type\":\"PropertyValueSpecification\",\"valueRequired\":true,\"valueName\":\"search_term_string\"}}],\"inLanguage\":\"pl-PL\"},{\"@type\":\"Organization\",\"@id\":\"https:\\\/\\\/taalbureauaccent.nl\\\/pl\\\/#organization\",\"name\":\"Taalbureau Accent\",\"url\":\"https:\\\/\\\/taalbureauaccent.nl\\\/pl\\\/\",\"logo\":{\"@type\":\"ImageObject\",\"inLanguage\":\"pl-PL\",\"@id\":\"https:\\\/\\\/taalbureauaccent.nl\\\/pl\\\/#\\\/schema\\\/logo\\\/image\\\/\",\"url\":\"https:\\\/\\\/taalbureauaccent.nl\\\/pl\\\/wp-content\\\/uploads\\\/2024\\\/11\\\/cropped-TallBureauAccent-oryginal-png.webp\",\"contentUrl\":\"https:\\\/\\\/taalbureauaccent.nl\\\/pl\\\/wp-content\\\/uploads\\\/2024\\\/11\\\/cropped-TallBureauAccent-oryginal-png.webp\",\"width\":150,\"height\":150,\"caption\":\"Taalbureau Accent\"},\"image\":{\"@id\":\"https:\\\/\\\/taalbureauaccent.nl\\\/pl\\\/#\\\/schema\\\/logo\\\/image\\\/\"}}]}<\/script>\n<!-- \/ Yoast SEO plugin. -->","yoast_head_json":{"title":"365 dni z j\u0119zykiem niderlandzkim, czasownik cz\u0119\u015b\u0107 1 - Taalbureau Accent","robots":{"index":"index","follow":"follow","max-snippet":"max-snippet:-1","max-image-preview":"max-image-preview:large","max-video-preview":"max-video-preview:-1"},"canonical":"https:\/\/taalbureauaccent.nl\/pl\/product\/105\/","og_locale":"pl_PL","og_type":"article","og_title":"365 dni z j\u0119zykiem niderlandzkim, czasownik cz\u0119\u015b\u0107 1 - Taalbureau Accent","og_description":"Przedstawiam pierwsz\u0105 cz\u0119\u015b\u0107 mojego autorskiego podr\u0119cznika do samodzielnej nauki holenderskiego. Kupuj\u0105c ten produkt jeszcze dzi\u015b, otrzymujesz w pakiecie:   podr\u0119cznik w wersji drukowanej z najwa\u017cniejszymi czasownikami, przyk\u0142adami zda\u0144 przydatnych w codziennej komunikacji oraz lekcjami gramatyki,  testy online do powt\u00f3rki materia\u0142u z podr\u0119cznika w promocyjnej cenie,  niespodziank\u0119, kt\u00f3ra sprawi, \u017ce samodzielna nauka holenderskiego b\u0119dzie jeszcze przyjemniejsza.","og_url":"https:\/\/taalbureauaccent.nl\/pl\/product\/105\/","og_site_name":"Taalbureau Accent","article_modified_time":"2024-11-21T16:32:29+00:00","og_image":[{"width":1000,"height":750,"url":"https:\/\/taalbureauaccent.nl\/pl\/wp-content\/uploads\/2021\/04\/reklama-cz-I-002-jpg.webp","type":"image\/jpeg"}],"twitter_card":"summary_large_image","twitter_misc":{"Szacowany czas czytania":"1 minuta"},"schema":{"@context":"https:\/\/schema.org","@graph":[{"@type":"WebPage","@id":"https:\/\/taalbureauaccent.nl\/pl\/product\/105\/","url":"https:\/\/taalbureauaccent.nl\/pl\/product\/105\/","name":"365 dni z j\u0119zykiem niderlandzkim, czasownik cz\u0119\u015b\u0107 1 - Taalbureau Accent","isPartOf":{"@id":"https:\/\/taalbureauaccent.nl\/pl\/#website"},"primaryImageOfPage":{"@id":"https:\/\/taalbureauaccent.nl\/pl\/product\/105\/#primaryimage"},"image":{"@id":"https:\/\/taalbureauaccent.nl\/pl\/product\/105\/#primaryimage"},"thumbnailUrl":"https:\/\/taalbureauaccent.nl\/pl\/wp-content\/uploads\/2021\/04\/reklama-cz-I-002-jpg.webp","datePublished":"2021-04-14T10:17:56+00:00","dateModified":"2024-11-21T16:32:29+00:00","breadcrumb":{"@id":"https:\/\/taalbureauaccent.nl\/pl\/product\/105\/#breadcrumb"},"inLanguage":"pl-PL","potentialAction":[{"@type":"ReadAction","target":["https:\/\/taalbureauaccent.nl\/pl\/product\/105\/"]}]},{"@type":"ImageObject","inLanguage":"pl-PL","@id":"https:\/\/taalbureauaccent.nl\/pl\/product\/105\/#primaryimage","url":"https:\/\/taalbureauaccent.nl\/pl\/wp-content\/uploads\/2021\/04\/reklama-cz-I-002-jpg.webp","contentUrl":"https:\/\/taalbureauaccent.nl\/pl\/wp-content\/uploads\/2021\/04\/reklama-cz-I-002-jpg.webp","width":1000,"height":750},{"@type":"BreadcrumbList","@id":"https:\/\/taalbureauaccent.nl\/pl\/product\/105\/#breadcrumb","itemListElement":[{"@type":"ListItem","position":1,"name":"Home","item":"https:\/\/taalbureauaccent.nl\/pl\/"},{"@type":"ListItem","position":2,"name":"Sklep","item":"https:\/\/taalbureauaccent.nl\/pl\/sklep\/"},{"@type":"ListItem","position":3,"name":"365 dni z j\u0119zykiem niderlandzkim, czasownik cz\u0119\u015b\u0107 1"}]},{"@type":"WebSite","@id":"https:\/\/taalbureauaccent.nl\/pl\/#website","url":"https:\/\/taalbureauaccent.nl\/pl\/","name":"Taalbureau Accent","description":"Taal Bureau Accent firma tworzona przez m\u0142odych, dynamicznych ludzi z ogromn\u0105 pasj\u0105 do nauczania.","publisher":{"@id":"https:\/\/taalbureauaccent.nl\/pl\/#organization"},"potentialAction":[{"@type":"SearchAction","target":{"@type":"EntryPoint","urlTemplate":"https:\/\/taalbureauaccent.nl\/pl\/?s={search_term_string}"},"query-input":{"@type":"PropertyValueSpecification","valueRequired":true,"valueName":"search_term_string"}}],"inLanguage":"pl-PL"},{"@type":"Organization","@id":"https:\/\/taalbureauaccent.nl\/pl\/#organization","name":"Taalbureau Accent","url":"https:\/\/taalbureauaccent.nl\/pl\/","logo":{"@type":"ImageObject","inLanguage":"pl-PL","@id":"https:\/\/taalbureauaccent.nl\/pl\/#\/schema\/logo\/image\/","url":"https:\/\/taalbureauaccent.nl\/pl\/wp-content\/uploads\/2024\/11\/cropped-TallBureauAccent-oryginal-png.webp","contentUrl":"https:\/\/taalbureauaccent.nl\/pl\/wp-content\/uploads\/2024\/11\/cropped-TallBureauAccent-oryginal-png.webp","width":150,"height":150,"caption":"Taalbureau Accent"},"image":{"@id":"https:\/\/taalbureauaccent.nl\/pl\/#\/schema\/logo\/image\/"}}]}},"_links":{"self":[{"href":"https:\/\/taalbureauaccent.nl\/pl\/wp-json\/wp\/v2\/product\/105","targetHints":{"allow":["GET"]}}],"collection":[{"href":"https:\/\/taalbureauaccent.nl\/pl\/wp-json\/wp\/v2\/product"}],"about":[{"href":"https:\/\/taalbureauaccent.nl\/pl\/wp-json\/wp\/v2\/types\/product"}],"replies":[{"embeddable":true,"href":"https:\/\/taalbureauaccent.nl\/pl\/wp-json\/wp\/v2\/comments?post=105"}],"wp:featuredmedia":[{"embeddable":true,"href":"https:\/\/taalbureauaccent.nl\/pl\/wp-json\/wp\/v2\/media\/1009"}],"wp:attachment":[{"href":"https:\/\/taalbureauaccent.nl\/pl\/wp-json\/wp\/v2\/media?parent=105"}],"wp:term":[{"taxonomy":"product_brand","embeddable":true,"href":"https:\/\/taalbureauaccent.nl\/pl\/wp-json\/wp\/v2\/product_brand?post=105"},{"taxonomy":"product_cat","embeddable":true,"href":"https:\/\/taalbureauaccent.nl\/pl\/wp-json\/wp\/v2\/product_cat?post=105"},{"taxonomy":"product_tag","embeddable":true,"href":"https:\/\/taalbureauaccent.nl\/pl\/wp-json\/wp\/v2\/product_tag?post=105"}],"curies":[{"name":"wp","href":"https:\/\/api.w.org\/{rel}","templated":true}]}}