{"id":60,"date":"2020-09-26T13:29:17","date_gmt":"2020-09-26T11:29:17","guid":{"rendered":"http:\/\/taalbureauaccent.nl\/pl\/?page_id=60"},"modified":"2024-11-22T16:17:57","modified_gmt":"2024-11-22T15:17:57","slug":"business-advies","status":"publish","type":"page","link":"https:\/\/taalbureauaccent.nl\/pl\/business-advies\/","title":{"rendered":"Doradca biznesowy"},"content":{"rendered":"\n<p class=\"has-medium-font-size\">Opr\u00f3cz lekcji i t\u0142umacze\u0144 jestem Twoim doradc\u0105 biznesowym. Z moim do\u015bwiadczeniem w mi\u0119dzynarodowych relacjach biznesowych, pomog\u0119 Ci dostrzec mo\u017cliwo\u015bci i opracowa\u0107 plan dzia\u0142ania. Zwracaj\u0105c przy tym uwag\u0119 na warto\u015bci kulturowe, kt\u00f3re odgrywaj\u0105 znacz\u0105c\u0105 rol\u0119 w relacjach mi\u0119dzynarodowych.&nbsp;<\/p>\n\n\n\n<p>Wsp\u00f3\u0142praca ze mn\u0105 to wachlarz mo\u017cliwo\u015bci! Mog\u0119 zaj\u0105\u0107 si\u0119 wszystkim od A-Z lub pom\u00f3c opracowa\u0107 plan do wykonania. Spotkajmy si\u0119 i przeanalizujmy mo\u017cliwo\u015bci!<br><br>\u2713&nbsp;Dynamiczna komunikacja<br>\u2713&nbsp;Oczekiwania klienta s\u0105 punktem wyj\u015bcia<br>\u2713&nbsp;Analiza mo\u017cliwo\u015bci; do\u2019s &amp; dont\u2019s<\/p>\n\n\n\n<h2 class=\"wp-block-heading\">Jak dzia\u0142am<\/h2>\n\n\n\n<p>Ceni\u0119 sobie bezpo\u015bredni kontakt z klientem. Tylko wtedy obie strony wiedz\u0105, czego mog\u0105 od siebie oczekiwa\u0107. W pierwszej kolejno\u015bci staram si\u0119 pozna\u0107 Twoje ambicje i potrzeby. Nast\u0119pnie otrzymujesz ode mnie analiz\u0119 mo\u017cliwo\u015bci i przeszk\u00f3d, w kt\u00f3rej zwracam szczeg\u00f3ln\u0105 uwag\u0119 na kultur\u0119 obu kraj\u00f3w. Dzi\u0119ku temu dzia\u0142asz wed\u0142ug zasad rz\u0105dz\u0105cych danym rynkiem i odnosisz Sukces!<br><br>Zainteresowa\u0142o Ci\u0119 to? Daj zna\u0107!<\/p>\n\n\n\n<div class=\"wpcf7 no-js\" id=\"wpcf7-f50-o1\" lang=\"nl-NL\" dir=\"ltr\" data-wpcf7-id=\"50\">\n<div class=\"screen-reader-response\"><p role=\"status\" aria-live=\"polite\" aria-atomic=\"true\"><\/p> <ul><\/ul><\/div>\n<form action=\"\/pl\/wp-json\/wp\/v2\/pages\/60#wpcf7-f50-o1\" method=\"post\" class=\"wpcf7-form init\" aria-label=\"Contactformulier\" novalidate=\"novalidate\" data-status=\"init\">\n<fieldset class=\"hidden-fields-container\"><input type=\"hidden\" name=\"_wpcf7\" value=\"50\" \/><input type=\"hidden\" name=\"_wpcf7_version\" value=\"6.1.6\" \/><input type=\"hidden\" name=\"_wpcf7_locale\" value=\"nl_NL\" \/><input type=\"hidden\" name=\"_wpcf7_unit_tag\" value=\"wpcf7-f50-o1\" \/><input type=\"hidden\" name=\"_wpcf7_container_post\" value=\"0\" \/><input type=\"hidden\" name=\"_wpcf7_posted_data_hash\" value=\"\" \/><input type=\"hidden\" name=\"_wpcf7_recaptcha_response\" value=\"\" \/>\n<\/fieldset>\n<p><label> Imi\u0119 (obowi\u0105zkowe)<br \/>\n<span class=\"wpcf7-form-control-wrap\" data-name=\"your-name\"><input size=\"40\" maxlength=\"400\" class=\"wpcf7-form-control wpcf7-text wpcf7-validates-as-required\" aria-required=\"true\" aria-invalid=\"false\" value=\"\" type=\"text\" name=\"your-name\" \/><\/span> <\/label>\n<\/p>\n<p><label> E-mail (obowi\u0105zkowe)<br \/>\n<span class=\"wpcf7-form-control-wrap\" data-name=\"your-email\"><input size=\"40\" maxlength=\"400\" class=\"wpcf7-form-control wpcf7-email wpcf7-validates-as-required wpcf7-text wpcf7-validates-as-email\" aria-required=\"true\" aria-invalid=\"false\" value=\"\" type=\"email\" name=\"your-email\" \/><\/span> <\/label>\n<\/p>\n<p><label> Nazwa firmy<br \/>\n<span class=\"wpcf7-form-control-wrap\" data-name=\"your-message\"><input size=\"40\" maxlength=\"400\" class=\"wpcf7-form-control wpcf7-text\" aria-invalid=\"false\" value=\"\" type=\"text\" name=\"your-message\" \/><\/span> <\/label>\n<\/p>\n<p><label><br \/>\n<span class=\"wpcf7-form-control-wrap\" data-name=\"acceptance-546\"><span class=\"wpcf7-form-control wpcf7-acceptance optional\"><span class=\"wpcf7-list-item\"><label><input type=\"checkbox\" name=\"acceptance-546\" value=\"1\" aria-invalid=\"false\" \/><span class=\"wpcf7-list-item-label\">Chc\u0119 dowiedzie\u0107  si\u0119 wi\u0119cej o istniej\u0105cych mo\u017cliwo\u015bciach!<\/span><\/label><\/span><\/span><\/span><br \/>\n<\/label>\n<\/p>\n<p><input class=\"wpcf7-form-control wpcf7-submit has-spinner\" type=\"submit\" value=\"Wy\u015blij\" \/>\n<\/p><div class=\"wpcf7-response-output\" aria-hidden=\"true\"><\/div>\n<\/form>\n<\/div>\n\n","protected":false},"excerpt":{"rendered":"<p>Opr\u00f3cz lekcji i t\u0142umacze\u0144 jestem Twoim doradc\u0105 biznesowym. Z moim do\u015bwiadczeniem w mi\u0119dzynarodowych relacjach biznesowych, pomog\u0119 Ci dostrzec mo\u017cliwo\u015bci i opracowa\u0107 plan dzia\u0142ania. Zwracaj\u0105c przy tym uwag\u0119 na warto\u015bci kulturowe, kt\u00f3re odgrywaj\u0105 znacz\u0105c\u0105 rol\u0119 w relacjach mi\u0119dzynarodowych.&nbsp; Wsp\u00f3\u0142praca ze mn\u0105 to wachlarz mo\u017cliwo\u015bci! Mog\u0119 zaj\u0105\u0107 si\u0119 wszystkim od A-Z lub pom\u00f3c opracowa\u0107 plan do wykonania.&hellip;<\/p>\n","protected":false},"author":1,"featured_media":83,"parent":0,"menu_order":0,"comment_status":"closed","ping_status":"closed","template":"","meta":{"footnotes":""},"class_list":["post-60","page","type-page","status-publish","has-post-thumbnail","hentry"],"yoast_head":"<!-- This site is optimized with the Yoast SEO plugin v27.6 - https:\/\/yoast.com\/product\/yoast-seo-wordpress\/ -->\n<title>Tw\u00f3j doradca w relacjach biznesowych w Holandii<\/title>\n<meta name=\"description\" content=\"Jestem Twoim doradc\u0105 biznesowym! Zaczynamy od analizy cel\u00f3w, ambicji i ryzyka, tak \u017ceby nie by\u0142o nieprzyjemnych niespodzianek!\" \/>\n<meta name=\"robots\" content=\"index, follow, max-snippet:-1, max-image-preview:large, max-video-preview:-1\" \/>\n<link rel=\"canonical\" href=\"https:\/\/taalbureauaccent.nl\/pl\/business-advies\/\" \/>\n<meta property=\"og:locale\" content=\"pl_PL\" \/>\n<meta property=\"og:type\" content=\"article\" \/>\n<meta property=\"og:title\" content=\"Tw\u00f3j doradca w relacjach biznesowych w Holandii\" \/>\n<meta property=\"og:description\" content=\"Jestem Twoim doradc\u0105 biznesowym! Zaczynamy od analizy cel\u00f3w, ambicji i ryzyka, tak \u017ceby nie by\u0142o nieprzyjemnych niespodzianek!\" \/>\n<meta property=\"og:url\" content=\"https:\/\/taalbureauaccent.nl\/pl\/business-advies\/\" \/>\n<meta property=\"og:site_name\" content=\"Taalbureau Accent\" \/>\n<meta property=\"article:modified_time\" content=\"2024-11-22T15:17:57+00:00\" \/>\n<meta property=\"og:image\" content=\"https:\/\/taalbureauaccent.nl\/pl\/wp-content\/uploads\/2020\/10\/Bedrijfsadvies-jpg.webp\" \/>\n\t<meta property=\"og:image:width\" content=\"1000\" \/>\n\t<meta property=\"og:image:height\" content=\"662\" \/>\n\t<meta property=\"og:image:type\" content=\"image\/jpeg\" \/>\n<meta name=\"twitter:card\" content=\"summary_large_image\" \/>\n<meta name=\"twitter:label1\" content=\"Szacowany czas czytania\" \/>\n\t<meta name=\"twitter:data1\" content=\"2 minuty\" \/>\n<script type=\"application\/ld+json\" class=\"yoast-schema-graph\">{\"@context\":\"https:\\\/\\\/schema.org\",\"@graph\":[{\"@type\":\"WebPage\",\"@id\":\"https:\\\/\\\/taalbureauaccent.nl\\\/pl\\\/business-advies\\\/\",\"url\":\"https:\\\/\\\/taalbureauaccent.nl\\\/pl\\\/business-advies\\\/\",\"name\":\"Tw\u00f3j doradca w relacjach biznesowych w Holandii\",\"isPartOf\":{\"@id\":\"https:\\\/\\\/taalbureauaccent.nl\\\/pl\\\/#website\"},\"primaryImageOfPage\":{\"@id\":\"https:\\\/\\\/taalbureauaccent.nl\\\/pl\\\/business-advies\\\/#primaryimage\"},\"image\":{\"@id\":\"https:\\\/\\\/taalbureauaccent.nl\\\/pl\\\/business-advies\\\/#primaryimage\"},\"thumbnailUrl\":\"https:\\\/\\\/taalbureauaccent.nl\\\/pl\\\/wp-content\\\/uploads\\\/2020\\\/10\\\/Bedrijfsadvies-jpg.webp\",\"datePublished\":\"2020-09-26T11:29:17+00:00\",\"dateModified\":\"2024-11-22T15:17:57+00:00\",\"description\":\"Jestem Twoim doradc\u0105 biznesowym! Zaczynamy od analizy cel\u00f3w, ambicji i ryzyka, tak \u017ceby nie by\u0142o nieprzyjemnych niespodzianek!\",\"breadcrumb\":{\"@id\":\"https:\\\/\\\/taalbureauaccent.nl\\\/pl\\\/business-advies\\\/#breadcrumb\"},\"inLanguage\":\"pl-PL\",\"potentialAction\":[{\"@type\":\"ReadAction\",\"target\":[\"https:\\\/\\\/taalbureauaccent.nl\\\/pl\\\/business-advies\\\/\"]}]},{\"@type\":\"ImageObject\",\"inLanguage\":\"pl-PL\",\"@id\":\"https:\\\/\\\/taalbureauaccent.nl\\\/pl\\\/business-advies\\\/#primaryimage\",\"url\":\"https:\\\/\\\/taalbureauaccent.nl\\\/pl\\\/wp-content\\\/uploads\\\/2020\\\/10\\\/Bedrijfsadvies-jpg.webp\",\"contentUrl\":\"https:\\\/\\\/taalbureauaccent.nl\\\/pl\\\/wp-content\\\/uploads\\\/2020\\\/10\\\/Bedrijfsadvies-jpg.webp\",\"width\":1000,\"height\":662},{\"@type\":\"BreadcrumbList\",\"@id\":\"https:\\\/\\\/taalbureauaccent.nl\\\/pl\\\/business-advies\\\/#breadcrumb\",\"itemListElement\":[{\"@type\":\"ListItem\",\"position\":1,\"name\":\"Home\",\"item\":\"https:\\\/\\\/taalbureauaccent.nl\\\/pl\\\/\"},{\"@type\":\"ListItem\",\"position\":2,\"name\":\"Doradca biznesowy\"}]},{\"@type\":\"WebSite\",\"@id\":\"https:\\\/\\\/taalbureauaccent.nl\\\/pl\\\/#website\",\"url\":\"https:\\\/\\\/taalbureauaccent.nl\\\/pl\\\/\",\"name\":\"Taalbureau Accent\",\"description\":\"Taal Bureau Accent firma tworzona przez m\u0142odych, dynamicznych ludzi z ogromn\u0105 pasj\u0105 do nauczania.\",\"publisher\":{\"@id\":\"https:\\\/\\\/taalbureauaccent.nl\\\/pl\\\/#organization\"},\"potentialAction\":[{\"@type\":\"SearchAction\",\"target\":{\"@type\":\"EntryPoint\",\"urlTemplate\":\"https:\\\/\\\/taalbureauaccent.nl\\\/pl\\\/?s={search_term_string}\"},\"query-input\":{\"@type\":\"PropertyValueSpecification\",\"valueRequired\":true,\"valueName\":\"search_term_string\"}}],\"inLanguage\":\"pl-PL\"},{\"@type\":\"Organization\",\"@id\":\"https:\\\/\\\/taalbureauaccent.nl\\\/pl\\\/#organization\",\"name\":\"Taalbureau Accent\",\"url\":\"https:\\\/\\\/taalbureauaccent.nl\\\/pl\\\/\",\"logo\":{\"@type\":\"ImageObject\",\"inLanguage\":\"pl-PL\",\"@id\":\"https:\\\/\\\/taalbureauaccent.nl\\\/pl\\\/#\\\/schema\\\/logo\\\/image\\\/\",\"url\":\"https:\\\/\\\/taalbureauaccent.nl\\\/pl\\\/wp-content\\\/uploads\\\/2024\\\/11\\\/cropped-TallBureauAccent-oryginal-png.webp\",\"contentUrl\":\"https:\\\/\\\/taalbureauaccent.nl\\\/pl\\\/wp-content\\\/uploads\\\/2024\\\/11\\\/cropped-TallBureauAccent-oryginal-png.webp\",\"width\":150,\"height\":150,\"caption\":\"Taalbureau Accent\"},\"image\":{\"@id\":\"https:\\\/\\\/taalbureauaccent.nl\\\/pl\\\/#\\\/schema\\\/logo\\\/image\\\/\"}}]}<\/script>\n<!-- \/ Yoast SEO plugin. -->","yoast_head_json":{"title":"Tw\u00f3j doradca w relacjach biznesowych w Holandii","description":"Jestem Twoim doradc\u0105 biznesowym! Zaczynamy od analizy cel\u00f3w, ambicji i ryzyka, tak \u017ceby nie by\u0142o nieprzyjemnych niespodzianek!","robots":{"index":"index","follow":"follow","max-snippet":"max-snippet:-1","max-image-preview":"max-image-preview:large","max-video-preview":"max-video-preview:-1"},"canonical":"https:\/\/taalbureauaccent.nl\/pl\/business-advies\/","og_locale":"pl_PL","og_type":"article","og_title":"Tw\u00f3j doradca w relacjach biznesowych w Holandii","og_description":"Jestem Twoim doradc\u0105 biznesowym! Zaczynamy od analizy cel\u00f3w, ambicji i ryzyka, tak \u017ceby nie by\u0142o nieprzyjemnych niespodzianek!","og_url":"https:\/\/taalbureauaccent.nl\/pl\/business-advies\/","og_site_name":"Taalbureau Accent","article_modified_time":"2024-11-22T15:17:57+00:00","og_image":[{"width":1000,"height":662,"url":"https:\/\/taalbureauaccent.nl\/pl\/wp-content\/uploads\/2020\/10\/Bedrijfsadvies-jpg.webp","type":"image\/jpeg"}],"twitter_card":"summary_large_image","twitter_misc":{"Szacowany czas czytania":"2 minuty"},"schema":{"@context":"https:\/\/schema.org","@graph":[{"@type":"WebPage","@id":"https:\/\/taalbureauaccent.nl\/pl\/business-advies\/","url":"https:\/\/taalbureauaccent.nl\/pl\/business-advies\/","name":"Tw\u00f3j doradca w relacjach biznesowych w Holandii","isPartOf":{"@id":"https:\/\/taalbureauaccent.nl\/pl\/#website"},"primaryImageOfPage":{"@id":"https:\/\/taalbureauaccent.nl\/pl\/business-advies\/#primaryimage"},"image":{"@id":"https:\/\/taalbureauaccent.nl\/pl\/business-advies\/#primaryimage"},"thumbnailUrl":"https:\/\/taalbureauaccent.nl\/pl\/wp-content\/uploads\/2020\/10\/Bedrijfsadvies-jpg.webp","datePublished":"2020-09-26T11:29:17+00:00","dateModified":"2024-11-22T15:17:57+00:00","description":"Jestem Twoim doradc\u0105 biznesowym! Zaczynamy od analizy cel\u00f3w, ambicji i ryzyka, tak \u017ceby nie by\u0142o nieprzyjemnych niespodzianek!","breadcrumb":{"@id":"https:\/\/taalbureauaccent.nl\/pl\/business-advies\/#breadcrumb"},"inLanguage":"pl-PL","potentialAction":[{"@type":"ReadAction","target":["https:\/\/taalbureauaccent.nl\/pl\/business-advies\/"]}]},{"@type":"ImageObject","inLanguage":"pl-PL","@id":"https:\/\/taalbureauaccent.nl\/pl\/business-advies\/#primaryimage","url":"https:\/\/taalbureauaccent.nl\/pl\/wp-content\/uploads\/2020\/10\/Bedrijfsadvies-jpg.webp","contentUrl":"https:\/\/taalbureauaccent.nl\/pl\/wp-content\/uploads\/2020\/10\/Bedrijfsadvies-jpg.webp","width":1000,"height":662},{"@type":"BreadcrumbList","@id":"https:\/\/taalbureauaccent.nl\/pl\/business-advies\/#breadcrumb","itemListElement":[{"@type":"ListItem","position":1,"name":"Home","item":"https:\/\/taalbureauaccent.nl\/pl\/"},{"@type":"ListItem","position":2,"name":"Doradca biznesowy"}]},{"@type":"WebSite","@id":"https:\/\/taalbureauaccent.nl\/pl\/#website","url":"https:\/\/taalbureauaccent.nl\/pl\/","name":"Taalbureau Accent","description":"Taal Bureau Accent firma tworzona przez m\u0142odych, dynamicznych ludzi z ogromn\u0105 pasj\u0105 do nauczania.","publisher":{"@id":"https:\/\/taalbureauaccent.nl\/pl\/#organization"},"potentialAction":[{"@type":"SearchAction","target":{"@type":"EntryPoint","urlTemplate":"https:\/\/taalbureauaccent.nl\/pl\/?s={search_term_string}"},"query-input":{"@type":"PropertyValueSpecification","valueRequired":true,"valueName":"search_term_string"}}],"inLanguage":"pl-PL"},{"@type":"Organization","@id":"https:\/\/taalbureauaccent.nl\/pl\/#organization","name":"Taalbureau Accent","url":"https:\/\/taalbureauaccent.nl\/pl\/","logo":{"@type":"ImageObject","inLanguage":"pl-PL","@id":"https:\/\/taalbureauaccent.nl\/pl\/#\/schema\/logo\/image\/","url":"https:\/\/taalbureauaccent.nl\/pl\/wp-content\/uploads\/2024\/11\/cropped-TallBureauAccent-oryginal-png.webp","contentUrl":"https:\/\/taalbureauaccent.nl\/pl\/wp-content\/uploads\/2024\/11\/cropped-TallBureauAccent-oryginal-png.webp","width":150,"height":150,"caption":"Taalbureau Accent"},"image":{"@id":"https:\/\/taalbureauaccent.nl\/pl\/#\/schema\/logo\/image\/"}}]}},"_links":{"self":[{"href":"https:\/\/taalbureauaccent.nl\/pl\/wp-json\/wp\/v2\/pages\/60","targetHints":{"allow":["GET"]}}],"collection":[{"href":"https:\/\/taalbureauaccent.nl\/pl\/wp-json\/wp\/v2\/pages"}],"about":[{"href":"https:\/\/taalbureauaccent.nl\/pl\/wp-json\/wp\/v2\/types\/page"}],"author":[{"embeddable":true,"href":"https:\/\/taalbureauaccent.nl\/pl\/wp-json\/wp\/v2\/users\/1"}],"replies":[{"embeddable":true,"href":"https:\/\/taalbureauaccent.nl\/pl\/wp-json\/wp\/v2\/comments?post=60"}],"version-history":[{"count":0,"href":"https:\/\/taalbureauaccent.nl\/pl\/wp-json\/wp\/v2\/pages\/60\/revisions"}],"wp:featuredmedia":[{"embeddable":true,"href":"https:\/\/taalbureauaccent.nl\/pl\/wp-json\/wp\/v2\/media\/83"}],"wp:attachment":[{"href":"https:\/\/taalbureauaccent.nl\/pl\/wp-json\/wp\/v2\/media?parent=60"}],"curies":[{"name":"wp","href":"https:\/\/api.w.org\/{rel}","templated":true}]}}