{"id":58,"date":"2020-09-26T13:15:29","date_gmt":"2020-09-26T11:15:29","guid":{"rendered":"http:\/\/taalbureauaccent.nl\/pl\/?page_id=58"},"modified":"2024-11-22T16:21:21","modified_gmt":"2024-11-22T15:21:21","slug":"tlumaczenia-pisemne","status":"publish","type":"page","link":"https:\/\/taalbureauaccent.nl\/pl\/tlumaczenia-pisemne\/","title":{"rendered":"T\u0142umaczenia pisemne"},"content":{"rendered":"\n<p class=\"has-medium-font-size\">Szukasz wszechstronnego <strong>t\u0142umacza holenderski na polski <\/strong>z biznesowym do\u015bwiadczeniem i spo\u0142ecznym zaci\u0119ciem? Dobrze trafi\u0142e\u015b! Um\u00f3w si\u0119 na spotkanie, by wsp\u00f3lnie ustali\u0107 plan dzia\u0142ania oraz formy wsp\u00f3\u0142pracy.<\/p>\n\n\n\n<ul class=\"wp-block-list\">\n<li>Wykonuj\u0119 t\u0142umaczenia holenderski na polski dla os\u00f3b prywatnych, firm oraz instytucji.<\/li>\n\n\n\n<li>Mam do\u015bwiadczenie w t\u0142umaczeniu r\u00f3\u017cnych tekst\u00f3w z wielu bran\u017c. B\u0119d\u0119 Ci\u0119 wspiera\u0107 w t\u0142umaczeniach holenderski na polski: korespondencji, instrukcji obs\u0142ugi, tekst\u00f3w do internetu etc.<\/li>\n\n\n\n<li>Przyjmuj\u0119 indywidualne zlecenia oraz wsp\u00f3\u0142pracuj\u0119 w ramach sta\u0142ego abonamentu.<\/li>\n\n\n\n<li>Ka\u017cdy m\u00f3j tekst weryfikuje native speaker.&nbsp;<\/li>\n\n\n\n<li>Oferuj\u0119 te\u017c t\u0142umaczenia przysi\u0119g\u0142e (t\u0142umaczenia uwierzytelnione) dokument\u00f3w urz\u0119dowych.<\/li>\n<\/ul>\n\n\n\n<h2 class=\"wp-block-heading\">Wy\u015blij zapytanie ju\u017c dzi\u015b i zachowaj szybkie terminy realizacji. &nbsp;<\/h2>\n\n\n\n<div class=\"wpcf7 no-js\" id=\"wpcf7-f53-o1\" lang=\"nl-NL\" dir=\"ltr\" data-wpcf7-id=\"53\">\n<div class=\"screen-reader-response\"><p role=\"status\" aria-live=\"polite\" aria-atomic=\"true\"><\/p> <ul><\/ul><\/div>\n<form action=\"\/pl\/wp-json\/wp\/v2\/pages\/58#wpcf7-f53-o1\" method=\"post\" class=\"wpcf7-form init\" aria-label=\"Contactformulier\" novalidate=\"novalidate\" data-status=\"init\">\n<fieldset class=\"hidden-fields-container\"><input type=\"hidden\" name=\"_wpcf7\" value=\"53\" \/><input type=\"hidden\" name=\"_wpcf7_version\" value=\"6.1.5\" \/><input type=\"hidden\" name=\"_wpcf7_locale\" value=\"nl_NL\" \/><input type=\"hidden\" name=\"_wpcf7_unit_tag\" value=\"wpcf7-f53-o1\" \/><input type=\"hidden\" name=\"_wpcf7_container_post\" value=\"0\" \/><input type=\"hidden\" name=\"_wpcf7_posted_data_hash\" value=\"\" \/><input type=\"hidden\" name=\"_wpcf7_recaptcha_response\" value=\"\" \/>\n<\/fieldset>\n<p><label> Imi\u0119 (obowi\u0105zkowe)<br \/>\n<span class=\"wpcf7-form-control-wrap\" data-name=\"your-name\"><input size=\"40\" maxlength=\"400\" class=\"wpcf7-form-control wpcf7-text wpcf7-validates-as-required\" aria-required=\"true\" aria-invalid=\"false\" value=\"\" type=\"text\" name=\"your-name\" \/><\/span> <\/label>\n<\/p>\n<p><label> E-mail (obowi\u0105zkowe)<br \/>\n<span class=\"wpcf7-form-control-wrap\" data-name=\"your-email\"><input size=\"40\" maxlength=\"400\" class=\"wpcf7-form-control wpcf7-email wpcf7-validates-as-required wpcf7-text wpcf7-validates-as-email\" aria-required=\"true\" aria-invalid=\"false\" value=\"\" type=\"email\" name=\"your-email\" \/><\/span> <\/label>\n<\/p>\n<p><label> Nazwa firmy<br \/>\n<span class=\"wpcf7-form-control-wrap\" data-name=\"your-message\"><input size=\"40\" maxlength=\"400\" class=\"wpcf7-form-control wpcf7-text\" aria-invalid=\"false\" value=\"\" type=\"text\" name=\"your-message\" \/><\/span> <\/label>\n<\/p>\n<p><label><br \/>\n<span class=\"wpcf7-form-control-wrap\" data-name=\"acceptance-546\"><span class=\"wpcf7-form-control wpcf7-acceptance optional\"><span class=\"wpcf7-list-item\"><label><input type=\"checkbox\" name=\"acceptance-546\" value=\"1\" aria-invalid=\"false\" \/><span class=\"wpcf7-list-item-label\">Chc\u0119 dowiedzie\u0107  si\u0119 wi\u0119cej<\/span><\/label><\/span><\/span><\/span><br \/>\n<\/label>\n<\/p>\n<p><input class=\"wpcf7-form-control wpcf7-submit has-spinner\" type=\"submit\" value=\"Wy\u015blij\" \/>\n<\/p><div class=\"wpcf7-response-output\" aria-hidden=\"true\"><\/div>\n<\/form>\n<\/div>\n\n","protected":false},"excerpt":{"rendered":"<p>Szukasz wszechstronnego t\u0142umacza holenderski na polski z biznesowym do\u015bwiadczeniem i spo\u0142ecznym zaci\u0119ciem? Dobrze trafi\u0142e\u015b! Um\u00f3w si\u0119 na spotkanie, by wsp\u00f3lnie ustali\u0107 plan dzia\u0142ania oraz formy wsp\u00f3\u0142pracy. Wy\u015blij zapytanie ju\u017c dzi\u015b i zachowaj szybkie terminy realizacji. &nbsp;<\/p>\n","protected":false},"author":1,"featured_media":82,"parent":0,"menu_order":0,"comment_status":"closed","ping_status":"closed","template":"","meta":{"footnotes":""},"class_list":["post-58","page","type-page","status-publish","has-post-thumbnail","hentry"],"yoast_head":"<!-- This site is optimized with the Yoast SEO plugin v27.5 - https:\/\/yoast.com\/product\/yoast-seo-wordpress\/ -->\n<title>T\u0142umaczenia pisemne<\/title>\n<meta name=\"description\" content=\"\u2713 Szybko i precyzyjnie profesjonalne t\u0142umacznia\u2713 Weryfikacja przez native speakera\u2713 Komunikatywno\u015b\u0107 i determinacja\" \/>\n<meta name=\"robots\" content=\"index, follow, max-snippet:-1, max-image-preview:large, max-video-preview:-1\" \/>\n<link rel=\"canonical\" href=\"https:\/\/taalbureauaccent.nl\/pl\/tlumaczenia-pisemne\/\" \/>\n<meta property=\"og:locale\" content=\"pl_PL\" \/>\n<meta property=\"og:type\" content=\"article\" \/>\n<meta property=\"og:title\" content=\"T\u0142umaczenia pisemne\" \/>\n<meta property=\"og:description\" content=\"\u2713 Szybko i precyzyjnie profesjonalne t\u0142umacznia\u2713 Weryfikacja przez native speakera\u2713 Komunikatywno\u015b\u0107 i determinacja\" \/>\n<meta property=\"og:url\" content=\"https:\/\/taalbureauaccent.nl\/pl\/tlumaczenia-pisemne\/\" \/>\n<meta property=\"og:site_name\" content=\"Taalbureau Accent\" \/>\n<meta property=\"article:modified_time\" content=\"2024-11-22T15:21:21+00:00\" \/>\n<meta property=\"og:image\" content=\"https:\/\/taalbureauaccent.nl\/pl\/wp-content\/uploads\/2020\/10\/Vertalingen-jpg.webp\" \/>\n\t<meta property=\"og:image:width\" content=\"1000\" \/>\n\t<meta property=\"og:image:height\" content=\"667\" \/>\n\t<meta property=\"og:image:type\" content=\"image\/jpeg\" \/>\n<meta name=\"twitter:card\" content=\"summary_large_image\" \/>\n<meta name=\"twitter:label1\" content=\"Szacowany czas czytania\" \/>\n\t<meta name=\"twitter:data1\" content=\"1 minuta\" \/>\n<script type=\"application\/ld+json\" class=\"yoast-schema-graph\">{\"@context\":\"https:\\\/\\\/schema.org\",\"@graph\":[{\"@type\":\"WebPage\",\"@id\":\"https:\\\/\\\/taalbureauaccent.nl\\\/pl\\\/tlumaczenia-pisemne\\\/\",\"url\":\"https:\\\/\\\/taalbureauaccent.nl\\\/pl\\\/tlumaczenia-pisemne\\\/\",\"name\":\"T\u0142umaczenia pisemne\",\"isPartOf\":{\"@id\":\"https:\\\/\\\/taalbureauaccent.nl\\\/pl\\\/#website\"},\"primaryImageOfPage\":{\"@id\":\"https:\\\/\\\/taalbureauaccent.nl\\\/pl\\\/tlumaczenia-pisemne\\\/#primaryimage\"},\"image\":{\"@id\":\"https:\\\/\\\/taalbureauaccent.nl\\\/pl\\\/tlumaczenia-pisemne\\\/#primaryimage\"},\"thumbnailUrl\":\"https:\\\/\\\/taalbureauaccent.nl\\\/pl\\\/wp-content\\\/uploads\\\/2020\\\/10\\\/Vertalingen-jpg.webp\",\"datePublished\":\"2020-09-26T11:15:29+00:00\",\"dateModified\":\"2024-11-22T15:21:21+00:00\",\"description\":\"\u2713 Szybko i precyzyjnie profesjonalne t\u0142umacznia\u2713 Weryfikacja przez native speakera\u2713 Komunikatywno\u015b\u0107 i determinacja\",\"breadcrumb\":{\"@id\":\"https:\\\/\\\/taalbureauaccent.nl\\\/pl\\\/tlumaczenia-pisemne\\\/#breadcrumb\"},\"inLanguage\":\"pl-PL\",\"potentialAction\":[{\"@type\":\"ReadAction\",\"target\":[\"https:\\\/\\\/taalbureauaccent.nl\\\/pl\\\/tlumaczenia-pisemne\\\/\"]}]},{\"@type\":\"ImageObject\",\"inLanguage\":\"pl-PL\",\"@id\":\"https:\\\/\\\/taalbureauaccent.nl\\\/pl\\\/tlumaczenia-pisemne\\\/#primaryimage\",\"url\":\"https:\\\/\\\/taalbureauaccent.nl\\\/pl\\\/wp-content\\\/uploads\\\/2020\\\/10\\\/Vertalingen-jpg.webp\",\"contentUrl\":\"https:\\\/\\\/taalbureauaccent.nl\\\/pl\\\/wp-content\\\/uploads\\\/2020\\\/10\\\/Vertalingen-jpg.webp\",\"width\":1000,\"height\":667},{\"@type\":\"BreadcrumbList\",\"@id\":\"https:\\\/\\\/taalbureauaccent.nl\\\/pl\\\/tlumaczenia-pisemne\\\/#breadcrumb\",\"itemListElement\":[{\"@type\":\"ListItem\",\"position\":1,\"name\":\"Home\",\"item\":\"https:\\\/\\\/taalbureauaccent.nl\\\/pl\\\/\"},{\"@type\":\"ListItem\",\"position\":2,\"name\":\"T\u0142umaczenia pisemne\"}]},{\"@type\":\"WebSite\",\"@id\":\"https:\\\/\\\/taalbureauaccent.nl\\\/pl\\\/#website\",\"url\":\"https:\\\/\\\/taalbureauaccent.nl\\\/pl\\\/\",\"name\":\"Taalbureau Accent\",\"description\":\"Taal Bureau Accent firma tworzona przez m\u0142odych, dynamicznych ludzi z ogromn\u0105 pasj\u0105 do nauczania.\",\"publisher\":{\"@id\":\"https:\\\/\\\/taalbureauaccent.nl\\\/pl\\\/#organization\"},\"potentialAction\":[{\"@type\":\"SearchAction\",\"target\":{\"@type\":\"EntryPoint\",\"urlTemplate\":\"https:\\\/\\\/taalbureauaccent.nl\\\/pl\\\/?s={search_term_string}\"},\"query-input\":{\"@type\":\"PropertyValueSpecification\",\"valueRequired\":true,\"valueName\":\"search_term_string\"}}],\"inLanguage\":\"pl-PL\"},{\"@type\":\"Organization\",\"@id\":\"https:\\\/\\\/taalbureauaccent.nl\\\/pl\\\/#organization\",\"name\":\"Taalbureau Accent\",\"url\":\"https:\\\/\\\/taalbureauaccent.nl\\\/pl\\\/\",\"logo\":{\"@type\":\"ImageObject\",\"inLanguage\":\"pl-PL\",\"@id\":\"https:\\\/\\\/taalbureauaccent.nl\\\/pl\\\/#\\\/schema\\\/logo\\\/image\\\/\",\"url\":\"https:\\\/\\\/taalbureauaccent.nl\\\/pl\\\/wp-content\\\/uploads\\\/2024\\\/11\\\/cropped-TallBureauAccent-oryginal-png.webp\",\"contentUrl\":\"https:\\\/\\\/taalbureauaccent.nl\\\/pl\\\/wp-content\\\/uploads\\\/2024\\\/11\\\/cropped-TallBureauAccent-oryginal-png.webp\",\"width\":150,\"height\":150,\"caption\":\"Taalbureau Accent\"},\"image\":{\"@id\":\"https:\\\/\\\/taalbureauaccent.nl\\\/pl\\\/#\\\/schema\\\/logo\\\/image\\\/\"}}]}<\/script>\n<!-- \/ Yoast SEO plugin. -->","yoast_head_json":{"title":"T\u0142umaczenia pisemne","description":"\u2713 Szybko i precyzyjnie profesjonalne t\u0142umacznia\u2713 Weryfikacja przez native speakera\u2713 Komunikatywno\u015b\u0107 i determinacja","robots":{"index":"index","follow":"follow","max-snippet":"max-snippet:-1","max-image-preview":"max-image-preview:large","max-video-preview":"max-video-preview:-1"},"canonical":"https:\/\/taalbureauaccent.nl\/pl\/tlumaczenia-pisemne\/","og_locale":"pl_PL","og_type":"article","og_title":"T\u0142umaczenia pisemne","og_description":"\u2713 Szybko i precyzyjnie profesjonalne t\u0142umacznia\u2713 Weryfikacja przez native speakera\u2713 Komunikatywno\u015b\u0107 i determinacja","og_url":"https:\/\/taalbureauaccent.nl\/pl\/tlumaczenia-pisemne\/","og_site_name":"Taalbureau Accent","article_modified_time":"2024-11-22T15:21:21+00:00","og_image":[{"width":1000,"height":667,"url":"https:\/\/taalbureauaccent.nl\/pl\/wp-content\/uploads\/2020\/10\/Vertalingen-jpg.webp","type":"image\/jpeg"}],"twitter_card":"summary_large_image","twitter_misc":{"Szacowany czas czytania":"1 minuta"},"schema":{"@context":"https:\/\/schema.org","@graph":[{"@type":"WebPage","@id":"https:\/\/taalbureauaccent.nl\/pl\/tlumaczenia-pisemne\/","url":"https:\/\/taalbureauaccent.nl\/pl\/tlumaczenia-pisemne\/","name":"T\u0142umaczenia pisemne","isPartOf":{"@id":"https:\/\/taalbureauaccent.nl\/pl\/#website"},"primaryImageOfPage":{"@id":"https:\/\/taalbureauaccent.nl\/pl\/tlumaczenia-pisemne\/#primaryimage"},"image":{"@id":"https:\/\/taalbureauaccent.nl\/pl\/tlumaczenia-pisemne\/#primaryimage"},"thumbnailUrl":"https:\/\/taalbureauaccent.nl\/pl\/wp-content\/uploads\/2020\/10\/Vertalingen-jpg.webp","datePublished":"2020-09-26T11:15:29+00:00","dateModified":"2024-11-22T15:21:21+00:00","description":"\u2713 Szybko i precyzyjnie profesjonalne t\u0142umacznia\u2713 Weryfikacja przez native speakera\u2713 Komunikatywno\u015b\u0107 i determinacja","breadcrumb":{"@id":"https:\/\/taalbureauaccent.nl\/pl\/tlumaczenia-pisemne\/#breadcrumb"},"inLanguage":"pl-PL","potentialAction":[{"@type":"ReadAction","target":["https:\/\/taalbureauaccent.nl\/pl\/tlumaczenia-pisemne\/"]}]},{"@type":"ImageObject","inLanguage":"pl-PL","@id":"https:\/\/taalbureauaccent.nl\/pl\/tlumaczenia-pisemne\/#primaryimage","url":"https:\/\/taalbureauaccent.nl\/pl\/wp-content\/uploads\/2020\/10\/Vertalingen-jpg.webp","contentUrl":"https:\/\/taalbureauaccent.nl\/pl\/wp-content\/uploads\/2020\/10\/Vertalingen-jpg.webp","width":1000,"height":667},{"@type":"BreadcrumbList","@id":"https:\/\/taalbureauaccent.nl\/pl\/tlumaczenia-pisemne\/#breadcrumb","itemListElement":[{"@type":"ListItem","position":1,"name":"Home","item":"https:\/\/taalbureauaccent.nl\/pl\/"},{"@type":"ListItem","position":2,"name":"T\u0142umaczenia pisemne"}]},{"@type":"WebSite","@id":"https:\/\/taalbureauaccent.nl\/pl\/#website","url":"https:\/\/taalbureauaccent.nl\/pl\/","name":"Taalbureau Accent","description":"Taal Bureau Accent firma tworzona przez m\u0142odych, dynamicznych ludzi z ogromn\u0105 pasj\u0105 do nauczania.","publisher":{"@id":"https:\/\/taalbureauaccent.nl\/pl\/#organization"},"potentialAction":[{"@type":"SearchAction","target":{"@type":"EntryPoint","urlTemplate":"https:\/\/taalbureauaccent.nl\/pl\/?s={search_term_string}"},"query-input":{"@type":"PropertyValueSpecification","valueRequired":true,"valueName":"search_term_string"}}],"inLanguage":"pl-PL"},{"@type":"Organization","@id":"https:\/\/taalbureauaccent.nl\/pl\/#organization","name":"Taalbureau Accent","url":"https:\/\/taalbureauaccent.nl\/pl\/","logo":{"@type":"ImageObject","inLanguage":"pl-PL","@id":"https:\/\/taalbureauaccent.nl\/pl\/#\/schema\/logo\/image\/","url":"https:\/\/taalbureauaccent.nl\/pl\/wp-content\/uploads\/2024\/11\/cropped-TallBureauAccent-oryginal-png.webp","contentUrl":"https:\/\/taalbureauaccent.nl\/pl\/wp-content\/uploads\/2024\/11\/cropped-TallBureauAccent-oryginal-png.webp","width":150,"height":150,"caption":"Taalbureau Accent"},"image":{"@id":"https:\/\/taalbureauaccent.nl\/pl\/#\/schema\/logo\/image\/"}}]}},"_links":{"self":[{"href":"https:\/\/taalbureauaccent.nl\/pl\/wp-json\/wp\/v2\/pages\/58","targetHints":{"allow":["GET"]}}],"collection":[{"href":"https:\/\/taalbureauaccent.nl\/pl\/wp-json\/wp\/v2\/pages"}],"about":[{"href":"https:\/\/taalbureauaccent.nl\/pl\/wp-json\/wp\/v2\/types\/page"}],"author":[{"embeddable":true,"href":"https:\/\/taalbureauaccent.nl\/pl\/wp-json\/wp\/v2\/users\/1"}],"replies":[{"embeddable":true,"href":"https:\/\/taalbureauaccent.nl\/pl\/wp-json\/wp\/v2\/comments?post=58"}],"version-history":[{"count":0,"href":"https:\/\/taalbureauaccent.nl\/pl\/wp-json\/wp\/v2\/pages\/58\/revisions"}],"wp:featuredmedia":[{"embeddable":true,"href":"https:\/\/taalbureauaccent.nl\/pl\/wp-json\/wp\/v2\/media\/82"}],"wp:attachment":[{"href":"https:\/\/taalbureauaccent.nl\/pl\/wp-json\/wp\/v2\/media?parent=58"}],"curies":[{"name":"wp","href":"https:\/\/api.w.org\/{rel}","templated":true}]}}