{"id":42,"date":"2020-08-10T11:13:26","date_gmt":"2020-08-10T09:13:26","guid":{"rendered":"http:\/\/taalbureauaccent.nl\/pl\/?page_id=42"},"modified":"2024-11-22T16:19:03","modified_gmt":"2024-11-22T15:19:03","slug":"lekcje","status":"publish","type":"page","link":"https:\/\/taalbureauaccent.nl\/pl\/lekcje\/","title":{"rendered":"Lekcje"},"content":{"rendered":"\n<p class=\"has-medium-font-size\">Moja misja: lekcje, kt\u00f3rych nie b\u0119dziesz m\u00f3g\u0142 si\u0119 doczeka\u0107. Jak to osi\u0105gn\u0119? W skr\u00f3cie: dobry plan, indywidualne podej\u015bcie i ci\u0105g\u0142a interakcja.<\/p>\n\n\n\n<h2 class=\"wp-block-heading\">Nauka holenderskiego od podstaw \u2013 dobry plan na dobry pocz\u0105tek! <\/h2>\n\n\n\n<p>Wiem, jak to jest zaczyna\u0107 nauk\u0119 holenderskiego od podstaw w doros\u0142ym \u017cyciu. Rozumiem potrzeby moich uczni\u00f3w, ich w\u0105tpliwo\u015bci, trudno\u015bci z wygospodarowaniem czasu oraz spadki motywacyjne. Mam jednak <strong>sprawdzony plan<\/strong> na to, by unikn\u0105\u0107 problem\u00f3w i szybciej osi\u0105gn\u0105\u0107 zaplanowane efekty:<\/p>\n\n\n\n<ul class=\"wp-block-list\">\n<li>na samym pocz\u0105tku wsp\u00f3lnie <strong>wyznaczamy g\u0142\u00f3wny cel i cele poboczne<\/strong>,<\/li>\n\n\n\n<li>na podstawie cel\u00f3w <strong>przygotowuj\u0119 ofert\u0119 zawieraj\u0105c\u0105 indywidualny plan nauki i przewidywany czas osi\u0105gni\u0119cia wyznaczonych cel\u00f3w<\/strong>,<\/li>\n\n\n\n<li>w trakcie nauki realizujemy<strong> kolejne etapy i zapisujemy je<\/strong>,<\/li>\n\n\n\n<li>podczas lekcji rozpisuj\u0119 prac\u0119 domow\u0105 na ca\u0142y tydzie\u0144 \u2013 tak, aby\u015b regularnie pracowa\u0142 i szybciej osi\u0105gn\u0105\u0142 cel.<\/li>\n<\/ul>\n\n\n\n<h2 class=\"wp-block-heading\">Nauka holenderskiego online \u2013 lekcje indywidualne lub grupowe<\/h2>\n\n\n\n<p>Zacznij ze mn\u0105 nauk\u0119 holenderskiego online lub stacjonarnie niezale\u017cnie od poziomu, na kt\u00f3rym si\u0119 znajdujesz:<\/p>\n\n\n\n<ul class=\"wp-block-list\">\n<li>realizuj\u0119 lekcj\u0119 indywidualne lub grupowe (maksymalnie 6 os\u00f3b) na ka\u017cdym poziomie zaawansowania,<\/li>\n\n\n\n<li>zaj\u0119cia odbywaj\u0105 si\u0119 w formie online na platformie Zoom lub stacjonarnie,<\/li>\n\n\n\n<li>dla ka\u017cdego ucznia indywidualnego przygotowuj\u0119 autorskie materia\u0142y do nauki,<\/li>\n\n\n\n<li>w my\u015bl zasady neurodydaktyki: \u201em\u00f3zg lubi to co ciekawe\u201d do utrwalenia materia\u0142u wykorzystuj\u0119 nowoczesne narz\u0119dzia edukacyjne oraz zabawowe formy.<\/li>\n<\/ul>\n\n\n\n<h2 class=\"wp-block-heading\">Nauka holenderskiego dla Polak\u00f3w <\/h2>\n\n\n\n<p>Mam do\u015bwiadczenie w nauce holenderskiego dla Polak\u00f3w. Dzi\u0119ki temu, \u017ce mieszkam w Holandii, mog\u0119 by\u0107 te\u017c Twoim przewodnikiem w sprawach kulturowych oraz zwi\u0105zanych z \u017cyciem codziennym. Podczas moich lekcji:<\/p>\n\n\n\n<ul class=\"wp-block-list\">\n<li>wyja\u015bniam zwyczaje i zasady panuj\u0105ce w Holandii,<\/li>\n\n\n\n<li>zastanawiamy si\u0119 nad wadami i zaletami r\u00f3\u017cni\u0107 kulturowych mi\u0119dzy Polsk\u0105 a Holandi\u0105,<\/li>\n\n\n\n<li>poznajemy sposoby na to, by polubi\u0107 te r\u00f3\u017cnice.<\/li>\n<\/ul>\n\n\n\n<p>Osoby, kt\u00f3re planuj\u0105 mieszka\u0107 w Holandii, nie tylko ucz\u0105 si\u0119 j\u0119zyka praktycznego, przydatnego w \u017cyciu i pracy, ale te\u017c oswajaj\u0105 kultur\u0119. Dzi\u0119ki temu szybciej zaaklimatyzuj\u0105 si\u0119 w nowym miejscu.<\/p>\n\n\n\n<p>Chcesz um\u00f3wi\u0107 si\u0119 na lekcj\u0119 pr\u00f3bn\u0105? Uzupe\u0142nij formularz!<\/p>\n\n\n\n<div class=\"wpcf7 no-js\" id=\"wpcf7-f51-o1\" lang=\"nl-NL\" dir=\"ltr\" data-wpcf7-id=\"51\">\n<div class=\"screen-reader-response\"><p role=\"status\" aria-live=\"polite\" aria-atomic=\"true\"><\/p> <ul><\/ul><\/div>\n<form action=\"\/pl\/wp-json\/wp\/v2\/pages\/42#wpcf7-f51-o1\" method=\"post\" class=\"wpcf7-form init\" aria-label=\"Contactformulier\" novalidate=\"novalidate\" data-status=\"init\">\n<fieldset class=\"hidden-fields-container\"><input type=\"hidden\" name=\"_wpcf7\" value=\"51\" \/><input type=\"hidden\" name=\"_wpcf7_version\" value=\"6.1.5\" \/><input type=\"hidden\" name=\"_wpcf7_locale\" value=\"nl_NL\" \/><input type=\"hidden\" name=\"_wpcf7_unit_tag\" value=\"wpcf7-f51-o1\" \/><input type=\"hidden\" name=\"_wpcf7_container_post\" value=\"0\" \/><input type=\"hidden\" name=\"_wpcf7_posted_data_hash\" value=\"\" \/><input type=\"hidden\" name=\"_wpcf7_recaptcha_response\" value=\"\" \/>\n<\/fieldset>\n<p><label> Imi\u0119 (obowi\u0105zkowe)<br \/>\n<span class=\"wpcf7-form-control-wrap\" data-name=\"your-name\"><input size=\"40\" maxlength=\"400\" class=\"wpcf7-form-control wpcf7-text wpcf7-validates-as-required\" aria-required=\"true\" aria-invalid=\"false\" value=\"\" type=\"text\" name=\"your-name\" \/><\/span> <\/label>\n<\/p>\n<p><label> E-mail (obowi\u0105zkowe)<br \/>\n<span class=\"wpcf7-form-control-wrap\" data-name=\"your-email\"><input size=\"40\" maxlength=\"400\" class=\"wpcf7-form-control wpcf7-email wpcf7-validates-as-required wpcf7-text wpcf7-validates-as-email\" aria-required=\"true\" aria-invalid=\"false\" value=\"\" type=\"email\" name=\"your-email\" \/><\/span> <\/label>\n<\/p>\n<p><label> Nazwa firmy<br \/>\n<span class=\"wpcf7-form-control-wrap\" data-name=\"your-message\"><input size=\"40\" maxlength=\"400\" class=\"wpcf7-form-control wpcf7-text\" aria-invalid=\"false\" value=\"\" type=\"text\" name=\"your-message\" \/><\/span> <\/label>\n<\/p>\n<p><label><br \/>\n<span class=\"wpcf7-form-control-wrap\" data-name=\"acceptance-546\"><span class=\"wpcf7-form-control wpcf7-acceptance optional\"><span class=\"wpcf7-list-item\"><label><input type=\"checkbox\" name=\"acceptance-546\" value=\"1\" aria-invalid=\"false\" \/><span class=\"wpcf7-list-item-label\">Jestem zainteresowany\/a lekcjami i ch\u0119tnie dowiem si\u0119 wi\u0119cej<\/span><\/label><\/span><\/span><\/span><br \/>\n<\/label>\n<\/p>\n<p><input class=\"wpcf7-form-control wpcf7-submit has-spinner\" type=\"submit\" value=\"Wy\u015blij\" \/>\n<\/p><div class=\"wpcf7-response-output\" aria-hidden=\"true\"><\/div>\n<\/form>\n<\/div>\n\n","protected":false},"excerpt":{"rendered":"<p>Moja misja: lekcje, kt\u00f3rych nie b\u0119dziesz m\u00f3g\u0142 si\u0119 doczeka\u0107. Jak to osi\u0105gn\u0119? W skr\u00f3cie: dobry plan, indywidualne podej\u015bcie i ci\u0105g\u0142a interakcja. Nauka holenderskiego od podstaw \u2013 dobry plan na dobry pocz\u0105tek! Wiem, jak to jest zaczyna\u0107 nauk\u0119 holenderskiego od podstaw w doros\u0142ym \u017cyciu. Rozumiem potrzeby moich uczni\u00f3w, ich w\u0105tpliwo\u015bci, trudno\u015bci z wygospodarowaniem czasu oraz spadki&hellip;<\/p>\n","protected":false},"author":2,"featured_media":85,"parent":0,"menu_order":0,"comment_status":"closed","ping_status":"closed","template":"","meta":{"footnotes":""},"class_list":["post-42","page","type-page","status-publish","has-post-thumbnail","hentry"],"yoast_head":"<!-- This site is optimized with the Yoast SEO plugin v27.5 - https:\/\/yoast.com\/product\/yoast-seo-wordpress\/ -->\n<title>Lekcje, kt\u00f3rych nie mo\u017cesz si\u0119 doczeka\u0107, niezale\u017cnie od poziomu na kt\u00f3rym si\u0119 znajdujesz.<\/title>\n<meta name=\"description\" content=\"\u2713 Rozpocz\u0119cie nauki niezale\u017cnie od poziomu \u2713 Lekcje prowadzone przez do\u015bwiadczonego nauczyciela\u2713 Elastyczne godziny\" \/>\n<meta name=\"robots\" content=\"index, follow, max-snippet:-1, max-image-preview:large, max-video-preview:-1\" \/>\n<link rel=\"canonical\" href=\"https:\/\/taalbureauaccent.nl\/pl\/lekcje\/\" \/>\n<meta property=\"og:locale\" content=\"pl_PL\" \/>\n<meta property=\"og:type\" content=\"article\" \/>\n<meta property=\"og:title\" content=\"Lekcje, kt\u00f3rych nie mo\u017cesz si\u0119 doczeka\u0107, niezale\u017cnie od poziomu na kt\u00f3rym si\u0119 znajdujesz.\" \/>\n<meta property=\"og:description\" content=\"\u2713 Rozpocz\u0119cie nauki niezale\u017cnie od poziomu \u2713 Lekcje prowadzone przez do\u015bwiadczonego nauczyciela\u2713 Elastyczne godziny\" \/>\n<meta property=\"og:url\" content=\"https:\/\/taalbureauaccent.nl\/pl\/lekcje\/\" \/>\n<meta property=\"og:site_name\" content=\"Taalbureau Accent\" \/>\n<meta property=\"article:modified_time\" content=\"2024-11-22T15:19:03+00:00\" \/>\n<meta property=\"og:image\" content=\"https:\/\/taalbureauaccent.nl\/pl\/wp-content\/uploads\/2020\/10\/Lessen-jpg.webp\" \/>\n\t<meta property=\"og:image:width\" content=\"1000\" \/>\n\t<meta property=\"og:image:height\" content=\"667\" \/>\n\t<meta property=\"og:image:type\" content=\"image\/jpeg\" \/>\n<meta name=\"twitter:card\" content=\"summary_large_image\" \/>\n<meta name=\"twitter:label1\" content=\"Szacowany czas czytania\" \/>\n\t<meta name=\"twitter:data1\" content=\"2 minuty\" \/>\n<script type=\"application\/ld+json\" class=\"yoast-schema-graph\">{\"@context\":\"https:\\\/\\\/schema.org\",\"@graph\":[{\"@type\":\"WebPage\",\"@id\":\"https:\\\/\\\/taalbureauaccent.nl\\\/pl\\\/lekcje\\\/\",\"url\":\"https:\\\/\\\/taalbureauaccent.nl\\\/pl\\\/lekcje\\\/\",\"name\":\"Lekcje, kt\u00f3rych nie mo\u017cesz si\u0119 doczeka\u0107, niezale\u017cnie od poziomu na kt\u00f3rym si\u0119 znajdujesz.\",\"isPartOf\":{\"@id\":\"https:\\\/\\\/taalbureauaccent.nl\\\/pl\\\/#website\"},\"primaryImageOfPage\":{\"@id\":\"https:\\\/\\\/taalbureauaccent.nl\\\/pl\\\/lekcje\\\/#primaryimage\"},\"image\":{\"@id\":\"https:\\\/\\\/taalbureauaccent.nl\\\/pl\\\/lekcje\\\/#primaryimage\"},\"thumbnailUrl\":\"https:\\\/\\\/taalbureauaccent.nl\\\/pl\\\/wp-content\\\/uploads\\\/2020\\\/10\\\/Lessen-jpg.webp\",\"datePublished\":\"2020-08-10T09:13:26+00:00\",\"dateModified\":\"2024-11-22T15:19:03+00:00\",\"description\":\"\u2713 Rozpocz\u0119cie nauki niezale\u017cnie od poziomu \u2713 Lekcje prowadzone przez do\u015bwiadczonego nauczyciela\u2713 Elastyczne godziny\",\"breadcrumb\":{\"@id\":\"https:\\\/\\\/taalbureauaccent.nl\\\/pl\\\/lekcje\\\/#breadcrumb\"},\"inLanguage\":\"pl-PL\",\"potentialAction\":[{\"@type\":\"ReadAction\",\"target\":[\"https:\\\/\\\/taalbureauaccent.nl\\\/pl\\\/lekcje\\\/\"]}]},{\"@type\":\"ImageObject\",\"inLanguage\":\"pl-PL\",\"@id\":\"https:\\\/\\\/taalbureauaccent.nl\\\/pl\\\/lekcje\\\/#primaryimage\",\"url\":\"https:\\\/\\\/taalbureauaccent.nl\\\/pl\\\/wp-content\\\/uploads\\\/2020\\\/10\\\/Lessen-jpg.webp\",\"contentUrl\":\"https:\\\/\\\/taalbureauaccent.nl\\\/pl\\\/wp-content\\\/uploads\\\/2020\\\/10\\\/Lessen-jpg.webp\",\"width\":1000,\"height\":667},{\"@type\":\"BreadcrumbList\",\"@id\":\"https:\\\/\\\/taalbureauaccent.nl\\\/pl\\\/lekcje\\\/#breadcrumb\",\"itemListElement\":[{\"@type\":\"ListItem\",\"position\":1,\"name\":\"Home\",\"item\":\"https:\\\/\\\/taalbureauaccent.nl\\\/pl\\\/\"},{\"@type\":\"ListItem\",\"position\":2,\"name\":\"Lekcje\"}]},{\"@type\":\"WebSite\",\"@id\":\"https:\\\/\\\/taalbureauaccent.nl\\\/pl\\\/#website\",\"url\":\"https:\\\/\\\/taalbureauaccent.nl\\\/pl\\\/\",\"name\":\"Taalbureau Accent\",\"description\":\"Taal Bureau Accent firma tworzona przez m\u0142odych, dynamicznych ludzi z ogromn\u0105 pasj\u0105 do nauczania.\",\"publisher\":{\"@id\":\"https:\\\/\\\/taalbureauaccent.nl\\\/pl\\\/#organization\"},\"potentialAction\":[{\"@type\":\"SearchAction\",\"target\":{\"@type\":\"EntryPoint\",\"urlTemplate\":\"https:\\\/\\\/taalbureauaccent.nl\\\/pl\\\/?s={search_term_string}\"},\"query-input\":{\"@type\":\"PropertyValueSpecification\",\"valueRequired\":true,\"valueName\":\"search_term_string\"}}],\"inLanguage\":\"pl-PL\"},{\"@type\":\"Organization\",\"@id\":\"https:\\\/\\\/taalbureauaccent.nl\\\/pl\\\/#organization\",\"name\":\"Taalbureau Accent\",\"url\":\"https:\\\/\\\/taalbureauaccent.nl\\\/pl\\\/\",\"logo\":{\"@type\":\"ImageObject\",\"inLanguage\":\"pl-PL\",\"@id\":\"https:\\\/\\\/taalbureauaccent.nl\\\/pl\\\/#\\\/schema\\\/logo\\\/image\\\/\",\"url\":\"https:\\\/\\\/taalbureauaccent.nl\\\/pl\\\/wp-content\\\/uploads\\\/2024\\\/11\\\/cropped-TallBureauAccent-oryginal-png.webp\",\"contentUrl\":\"https:\\\/\\\/taalbureauaccent.nl\\\/pl\\\/wp-content\\\/uploads\\\/2024\\\/11\\\/cropped-TallBureauAccent-oryginal-png.webp\",\"width\":150,\"height\":150,\"caption\":\"Taalbureau Accent\"},\"image\":{\"@id\":\"https:\\\/\\\/taalbureauaccent.nl\\\/pl\\\/#\\\/schema\\\/logo\\\/image\\\/\"}}]}<\/script>\n<!-- \/ Yoast SEO plugin. -->","yoast_head_json":{"title":"Lekcje, kt\u00f3rych nie mo\u017cesz si\u0119 doczeka\u0107, niezale\u017cnie od poziomu na kt\u00f3rym si\u0119 znajdujesz.","description":"\u2713 Rozpocz\u0119cie nauki niezale\u017cnie od poziomu \u2713 Lekcje prowadzone przez do\u015bwiadczonego nauczyciela\u2713 Elastyczne godziny","robots":{"index":"index","follow":"follow","max-snippet":"max-snippet:-1","max-image-preview":"max-image-preview:large","max-video-preview":"max-video-preview:-1"},"canonical":"https:\/\/taalbureauaccent.nl\/pl\/lekcje\/","og_locale":"pl_PL","og_type":"article","og_title":"Lekcje, kt\u00f3rych nie mo\u017cesz si\u0119 doczeka\u0107, niezale\u017cnie od poziomu na kt\u00f3rym si\u0119 znajdujesz.","og_description":"\u2713 Rozpocz\u0119cie nauki niezale\u017cnie od poziomu \u2713 Lekcje prowadzone przez do\u015bwiadczonego nauczyciela\u2713 Elastyczne godziny","og_url":"https:\/\/taalbureauaccent.nl\/pl\/lekcje\/","og_site_name":"Taalbureau Accent","article_modified_time":"2024-11-22T15:19:03+00:00","og_image":[{"width":1000,"height":667,"url":"https:\/\/taalbureauaccent.nl\/pl\/wp-content\/uploads\/2020\/10\/Lessen-jpg.webp","type":"image\/jpeg"}],"twitter_card":"summary_large_image","twitter_misc":{"Szacowany czas czytania":"2 minuty"},"schema":{"@context":"https:\/\/schema.org","@graph":[{"@type":"WebPage","@id":"https:\/\/taalbureauaccent.nl\/pl\/lekcje\/","url":"https:\/\/taalbureauaccent.nl\/pl\/lekcje\/","name":"Lekcje, kt\u00f3rych nie mo\u017cesz si\u0119 doczeka\u0107, niezale\u017cnie od poziomu na kt\u00f3rym si\u0119 znajdujesz.","isPartOf":{"@id":"https:\/\/taalbureauaccent.nl\/pl\/#website"},"primaryImageOfPage":{"@id":"https:\/\/taalbureauaccent.nl\/pl\/lekcje\/#primaryimage"},"image":{"@id":"https:\/\/taalbureauaccent.nl\/pl\/lekcje\/#primaryimage"},"thumbnailUrl":"https:\/\/taalbureauaccent.nl\/pl\/wp-content\/uploads\/2020\/10\/Lessen-jpg.webp","datePublished":"2020-08-10T09:13:26+00:00","dateModified":"2024-11-22T15:19:03+00:00","description":"\u2713 Rozpocz\u0119cie nauki niezale\u017cnie od poziomu \u2713 Lekcje prowadzone przez do\u015bwiadczonego nauczyciela\u2713 Elastyczne godziny","breadcrumb":{"@id":"https:\/\/taalbureauaccent.nl\/pl\/lekcje\/#breadcrumb"},"inLanguage":"pl-PL","potentialAction":[{"@type":"ReadAction","target":["https:\/\/taalbureauaccent.nl\/pl\/lekcje\/"]}]},{"@type":"ImageObject","inLanguage":"pl-PL","@id":"https:\/\/taalbureauaccent.nl\/pl\/lekcje\/#primaryimage","url":"https:\/\/taalbureauaccent.nl\/pl\/wp-content\/uploads\/2020\/10\/Lessen-jpg.webp","contentUrl":"https:\/\/taalbureauaccent.nl\/pl\/wp-content\/uploads\/2020\/10\/Lessen-jpg.webp","width":1000,"height":667},{"@type":"BreadcrumbList","@id":"https:\/\/taalbureauaccent.nl\/pl\/lekcje\/#breadcrumb","itemListElement":[{"@type":"ListItem","position":1,"name":"Home","item":"https:\/\/taalbureauaccent.nl\/pl\/"},{"@type":"ListItem","position":2,"name":"Lekcje"}]},{"@type":"WebSite","@id":"https:\/\/taalbureauaccent.nl\/pl\/#website","url":"https:\/\/taalbureauaccent.nl\/pl\/","name":"Taalbureau Accent","description":"Taal Bureau Accent firma tworzona przez m\u0142odych, dynamicznych ludzi z ogromn\u0105 pasj\u0105 do nauczania.","publisher":{"@id":"https:\/\/taalbureauaccent.nl\/pl\/#organization"},"potentialAction":[{"@type":"SearchAction","target":{"@type":"EntryPoint","urlTemplate":"https:\/\/taalbureauaccent.nl\/pl\/?s={search_term_string}"},"query-input":{"@type":"PropertyValueSpecification","valueRequired":true,"valueName":"search_term_string"}}],"inLanguage":"pl-PL"},{"@type":"Organization","@id":"https:\/\/taalbureauaccent.nl\/pl\/#organization","name":"Taalbureau Accent","url":"https:\/\/taalbureauaccent.nl\/pl\/","logo":{"@type":"ImageObject","inLanguage":"pl-PL","@id":"https:\/\/taalbureauaccent.nl\/pl\/#\/schema\/logo\/image\/","url":"https:\/\/taalbureauaccent.nl\/pl\/wp-content\/uploads\/2024\/11\/cropped-TallBureauAccent-oryginal-png.webp","contentUrl":"https:\/\/taalbureauaccent.nl\/pl\/wp-content\/uploads\/2024\/11\/cropped-TallBureauAccent-oryginal-png.webp","width":150,"height":150,"caption":"Taalbureau Accent"},"image":{"@id":"https:\/\/taalbureauaccent.nl\/pl\/#\/schema\/logo\/image\/"}}]}},"_links":{"self":[{"href":"https:\/\/taalbureauaccent.nl\/pl\/wp-json\/wp\/v2\/pages\/42","targetHints":{"allow":["GET"]}}],"collection":[{"href":"https:\/\/taalbureauaccent.nl\/pl\/wp-json\/wp\/v2\/pages"}],"about":[{"href":"https:\/\/taalbureauaccent.nl\/pl\/wp-json\/wp\/v2\/types\/page"}],"author":[{"embeddable":true,"href":"https:\/\/taalbureauaccent.nl\/pl\/wp-json\/wp\/v2\/users\/2"}],"replies":[{"embeddable":true,"href":"https:\/\/taalbureauaccent.nl\/pl\/wp-json\/wp\/v2\/comments?post=42"}],"version-history":[{"count":0,"href":"https:\/\/taalbureauaccent.nl\/pl\/wp-json\/wp\/v2\/pages\/42\/revisions"}],"wp:featuredmedia":[{"embeddable":true,"href":"https:\/\/taalbureauaccent.nl\/pl\/wp-json\/wp\/v2\/media\/85"}],"wp:attachment":[{"href":"https:\/\/taalbureauaccent.nl\/pl\/wp-json\/wp\/v2\/media?parent=42"}],"curies":[{"name":"wp","href":"https:\/\/api.w.org\/{rel}","templated":true}]}}