{"id":1323,"date":"2024-01-16T13:01:14","date_gmt":"2024-01-16T12:01:14","guid":{"rendered":"https:\/\/taalbureauaccent.nl\/pl\/?page_id=1323"},"modified":"2024-11-22T16:20:22","modified_gmt":"2024-11-22T15:20:22","slug":"przygotowanie-do-egzaminow","status":"publish","type":"page","link":"https:\/\/taalbureauaccent.nl\/pl\/przygotowanie-do-egzaminow\/","title":{"rendered":"Przygotowanie do egzamin\u00f3w"},"content":{"rendered":"\n<p><strong>Egzamin z holenderskiego na ka\u017cdym poziomie <\/strong><strong><\/strong><\/p>\n\n\n\n<p>Regularnie przygotowuj\u0119 uczni\u00f3w do egzamin\u00f3w pa\u0144stwowych z j\u0119zyka holenderskiego, dlatego jestem na bie\u017c\u0105co z wszelkimi nowo\u015bciami, zmianami i aktualnymi materia\u0142ami edukacyjnymi.<\/p>\n\n\n\n<h2 class=\"wp-block-heading\">Podczas lekcji pr\u00f3bnej:<\/h2>\n\n\n\n<ul class=\"wp-block-list\">\n<li>wybierzemy egzamin odpowiadaj\u0105cy Twojemu poziomowi j\u0119zykowemu,<\/li>\n\n\n\n<li>zapoznam Ci\u0119 z form\u0105 wybranego egzaminu, rodzajami zada\u0144, wymaganiami,<\/li>\n\n\n\n<li>przedstawi\u0119 ofert\u0119 zawieraj\u0105c\u0105 indywidualny plan nauki i przewidywany czas przygotowania do wybranego egzaminu.<\/li>\n<\/ul>\n\n\n\n<p>Chcesz zda\u0107 egzamin pa\u0144stwowy z j\u0119zyka holenderskiego, ale nie wiesz, na jakim jeste\u015b poziomie?<\/p>\n\n\n\n<p>Uzupe\u0142nij formularz i um\u00f3w lekcj\u0119 pr\u00f3bn\u0105. [ vul het formulier in en maak een afspraak voor een intake]<\/p>\n\n\n\n<h2 class=\"wp-block-heading\">Podczas kursu:<\/h2>\n\n\n\n<ul class=\"wp-block-list\">\n<li><strong>utrwalimy <\/strong>zagadnienia <strong>gramatyczne oraz s\u0142ownictwo <\/strong>w\u0142a\u015bciwe dla poziomu wybranego egzaminu,<\/li>\n\n\n\n<li><strong>udoskonalimy pisanie<\/strong> r\u00f3\u017cnych typ\u00f3w tekst\u00f3w,<\/li>\n\n\n\n<li><strong>po\u0107wiczymy czytanie <\/strong>ze zrozumieniem oraz <strong>s\u0142uchanie<\/strong>,<\/li>\n\n\n\n<li><strong>potrenujemy<\/strong> umiej\u0119tno\u015bci komunikacyjne, dopasowuj\u0105c kontekst do sytuacji egzaminacyjnych,<\/li>\n\n\n\n<li>b\u0119dziemy pracowa\u0107<strong> na aktualnych arkuszach egzaminacyjnych<\/strong>.<\/li>\n<\/ul>\n\n\n\n<h2 class=\"wp-block-heading\">Egzamin na t\u0142umacza niderlandzkiego \u2013 wsparcie mentorskie <\/h2>\n\n\n\n<p>Szukasz <strong>mentora<\/strong>, kt\u00f3ry <strong>przygotuje Ci\u0119 do egzaminu na t\u0142umacza niderlandzkiego<\/strong>? Napisz do mnie lub zadzwo\u0144! Wsp\u00f3lnie ustalimy strategi\u0119 nauki.<\/p>\n\n\n\n<p>W ramach <strong>wsparcia mentorskiego<\/strong>:<\/p>\n\n\n\n<ul class=\"wp-block-list\">\n<li>ucz\u0119 technik notowania i zapami\u0119tywania,<\/li>\n\n\n\n<li>przedstawiam dobre praktyki w zakresie wyszukiwania informacji,<\/li>\n\n\n\n<li>\u0107wiczmy s\u0142ownictwo codzienne oraz specjalistyczne (policyjne, medyczne, urz\u0119dowe etc.).<\/li>\n<\/ul>\n\n\n\n<div class=\"wpcf7 no-js\" id=\"wpcf7-f52-o1\" lang=\"nl-NL\" dir=\"ltr\" data-wpcf7-id=\"52\">\n<div class=\"screen-reader-response\"><p role=\"status\" aria-live=\"polite\" aria-atomic=\"true\"><\/p> <ul><\/ul><\/div>\n<form action=\"\/pl\/wp-json\/wp\/v2\/pages\/1323#wpcf7-f52-o1\" method=\"post\" class=\"wpcf7-form init\" aria-label=\"Contactformulier\" novalidate=\"novalidate\" data-status=\"init\">\n<fieldset class=\"hidden-fields-container\"><input type=\"hidden\" name=\"_wpcf7\" value=\"52\" \/><input type=\"hidden\" name=\"_wpcf7_version\" value=\"6.1.5\" \/><input type=\"hidden\" name=\"_wpcf7_locale\" value=\"nl_NL\" \/><input type=\"hidden\" name=\"_wpcf7_unit_tag\" value=\"wpcf7-f52-o1\" \/><input type=\"hidden\" name=\"_wpcf7_container_post\" value=\"0\" \/><input type=\"hidden\" name=\"_wpcf7_posted_data_hash\" value=\"\" \/><input type=\"hidden\" name=\"_wpcf7_recaptcha_response\" value=\"\" \/>\n<\/fieldset>\n<p><label> Imi\u0119 (obowi\u0105zkowe)<br \/>\n<span class=\"wpcf7-form-control-wrap\" data-name=\"your-name\"><input size=\"40\" maxlength=\"400\" class=\"wpcf7-form-control wpcf7-text wpcf7-validates-as-required\" aria-required=\"true\" aria-invalid=\"false\" value=\"\" type=\"text\" name=\"your-name\" \/><\/span> <\/label>\n<\/p>\n<p><label> E-mail (obowi\u0105zkowe)<br \/>\n<span class=\"wpcf7-form-control-wrap\" data-name=\"your-email\"><input size=\"40\" maxlength=\"400\" class=\"wpcf7-form-control wpcf7-email wpcf7-validates-as-required wpcf7-text wpcf7-validates-as-email\" aria-required=\"true\" aria-invalid=\"false\" value=\"\" type=\"email\" name=\"your-email\" \/><\/span> <\/label>\n<\/p>\n<p><label> Nazwa firmy<br \/>\n<span class=\"wpcf7-form-control-wrap\" data-name=\"your-message\"><input size=\"40\" maxlength=\"400\" class=\"wpcf7-form-control wpcf7-text\" aria-invalid=\"false\" value=\"\" type=\"text\" name=\"your-message\" \/><\/span> <\/label>\n<\/p>\n<p><label><br \/>\n<span class=\"wpcf7-form-control-wrap\" data-name=\"acceptance-546\"><span class=\"wpcf7-form-control wpcf7-acceptance optional\"><span class=\"wpcf7-list-item\"><label><input type=\"checkbox\" name=\"acceptance-546\" value=\"1\" aria-invalid=\"false\" \/><span class=\"wpcf7-list-item-label\">Chc\u0119 dowiedzie\u0107 si\u0119 wi\u0119cej o us\u0142udze t\u0142umacza<\/span><\/label><\/span><\/span><\/span><br \/>\n<\/label>\n<\/p>\n<p><input class=\"wpcf7-form-control wpcf7-submit has-spinner\" type=\"submit\" value=\"Wy\u015blij\" \/>\n<\/p><div class=\"wpcf7-response-output\" aria-hidden=\"true\"><\/div>\n<\/form>\n<\/div>\n\n","protected":false},"excerpt":{"rendered":"<p>Egzamin z holenderskiego na ka\u017cdym poziomie Regularnie przygotowuj\u0119 uczni\u00f3w do egzamin\u00f3w pa\u0144stwowych z j\u0119zyka holenderskiego, dlatego jestem na bie\u017c\u0105co z wszelkimi nowo\u015bciami, zmianami i aktualnymi materia\u0142ami edukacyjnymi. Podczas lekcji pr\u00f3bnej: Chcesz zda\u0107 egzamin pa\u0144stwowy z j\u0119zyka holenderskiego, ale nie wiesz, na jakim jeste\u015b poziomie? Uzupe\u0142nij formularz i um\u00f3w lekcj\u0119 pr\u00f3bn\u0105. [ vul het formulier in&hellip;<\/p>\n","protected":false},"author":2,"featured_media":0,"parent":0,"menu_order":0,"comment_status":"closed","ping_status":"closed","template":"","meta":{"footnotes":""},"class_list":["post-1323","page","type-page","status-publish","hentry"],"yoast_head":"<!-- This site is optimized with the Yoast SEO plugin v27.5 - https:\/\/yoast.com\/product\/yoast-seo-wordpress\/ -->\n<title>Przygotowanie do egzamin\u00f3w - Taalbureau Accent<\/title>\n<meta name=\"robots\" content=\"index, follow, max-snippet:-1, max-image-preview:large, max-video-preview:-1\" \/>\n<link rel=\"canonical\" href=\"https:\/\/taalbureauaccent.nl\/pl\/przygotowanie-do-egzaminow\/\" \/>\n<meta property=\"og:locale\" content=\"pl_PL\" \/>\n<meta property=\"og:type\" content=\"article\" \/>\n<meta property=\"og:title\" content=\"Przygotowanie do egzamin\u00f3w - Taalbureau Accent\" \/>\n<meta property=\"og:description\" content=\"Egzamin z holenderskiego na ka\u017cdym poziomie Regularnie przygotowuj\u0119 uczni\u00f3w do egzamin\u00f3w pa\u0144stwowych z j\u0119zyka holenderskiego, dlatego jestem na bie\u017c\u0105co z wszelkimi nowo\u015bciami, zmianami i aktualnymi materia\u0142ami edukacyjnymi. Podczas lekcji pr\u00f3bnej: Chcesz zda\u0107 egzamin pa\u0144stwowy z j\u0119zyka holenderskiego, ale nie wiesz, na jakim jeste\u015b poziomie? Uzupe\u0142nij formularz i um\u00f3w lekcj\u0119 pr\u00f3bn\u0105. [ vul het formulier in&hellip;\" \/>\n<meta property=\"og:url\" content=\"https:\/\/taalbureauaccent.nl\/pl\/przygotowanie-do-egzaminow\/\" \/>\n<meta property=\"og:site_name\" content=\"Taalbureau Accent\" \/>\n<meta property=\"article:modified_time\" content=\"2024-11-22T15:20:22+00:00\" \/>\n<meta name=\"twitter:card\" content=\"summary_large_image\" \/>\n<meta name=\"twitter:label1\" content=\"Szacowany czas czytania\" \/>\n\t<meta name=\"twitter:data1\" content=\"2 minuty\" \/>\n<script type=\"application\/ld+json\" class=\"yoast-schema-graph\">{\"@context\":\"https:\\\/\\\/schema.org\",\"@graph\":[{\"@type\":\"WebPage\",\"@id\":\"https:\\\/\\\/taalbureauaccent.nl\\\/pl\\\/przygotowanie-do-egzaminow\\\/\",\"url\":\"https:\\\/\\\/taalbureauaccent.nl\\\/pl\\\/przygotowanie-do-egzaminow\\\/\",\"name\":\"Przygotowanie do egzamin\u00f3w - Taalbureau Accent\",\"isPartOf\":{\"@id\":\"https:\\\/\\\/taalbureauaccent.nl\\\/pl\\\/#website\"},\"datePublished\":\"2024-01-16T12:01:14+00:00\",\"dateModified\":\"2024-11-22T15:20:22+00:00\",\"breadcrumb\":{\"@id\":\"https:\\\/\\\/taalbureauaccent.nl\\\/pl\\\/przygotowanie-do-egzaminow\\\/#breadcrumb\"},\"inLanguage\":\"pl-PL\",\"potentialAction\":[{\"@type\":\"ReadAction\",\"target\":[\"https:\\\/\\\/taalbureauaccent.nl\\\/pl\\\/przygotowanie-do-egzaminow\\\/\"]}]},{\"@type\":\"BreadcrumbList\",\"@id\":\"https:\\\/\\\/taalbureauaccent.nl\\\/pl\\\/przygotowanie-do-egzaminow\\\/#breadcrumb\",\"itemListElement\":[{\"@type\":\"ListItem\",\"position\":1,\"name\":\"Home\",\"item\":\"https:\\\/\\\/taalbureauaccent.nl\\\/pl\\\/\"},{\"@type\":\"ListItem\",\"position\":2,\"name\":\"Przygotowanie do egzamin\u00f3w\"}]},{\"@type\":\"WebSite\",\"@id\":\"https:\\\/\\\/taalbureauaccent.nl\\\/pl\\\/#website\",\"url\":\"https:\\\/\\\/taalbureauaccent.nl\\\/pl\\\/\",\"name\":\"Taalbureau Accent\",\"description\":\"Taal Bureau Accent firma tworzona przez m\u0142odych, dynamicznych ludzi z ogromn\u0105 pasj\u0105 do nauczania.\",\"publisher\":{\"@id\":\"https:\\\/\\\/taalbureauaccent.nl\\\/pl\\\/#organization\"},\"potentialAction\":[{\"@type\":\"SearchAction\",\"target\":{\"@type\":\"EntryPoint\",\"urlTemplate\":\"https:\\\/\\\/taalbureauaccent.nl\\\/pl\\\/?s={search_term_string}\"},\"query-input\":{\"@type\":\"PropertyValueSpecification\",\"valueRequired\":true,\"valueName\":\"search_term_string\"}}],\"inLanguage\":\"pl-PL\"},{\"@type\":\"Organization\",\"@id\":\"https:\\\/\\\/taalbureauaccent.nl\\\/pl\\\/#organization\",\"name\":\"Taalbureau Accent\",\"url\":\"https:\\\/\\\/taalbureauaccent.nl\\\/pl\\\/\",\"logo\":{\"@type\":\"ImageObject\",\"inLanguage\":\"pl-PL\",\"@id\":\"https:\\\/\\\/taalbureauaccent.nl\\\/pl\\\/#\\\/schema\\\/logo\\\/image\\\/\",\"url\":\"https:\\\/\\\/taalbureauaccent.nl\\\/pl\\\/wp-content\\\/uploads\\\/2024\\\/11\\\/cropped-TallBureauAccent-oryginal-png.webp\",\"contentUrl\":\"https:\\\/\\\/taalbureauaccent.nl\\\/pl\\\/wp-content\\\/uploads\\\/2024\\\/11\\\/cropped-TallBureauAccent-oryginal-png.webp\",\"width\":150,\"height\":150,\"caption\":\"Taalbureau Accent\"},\"image\":{\"@id\":\"https:\\\/\\\/taalbureauaccent.nl\\\/pl\\\/#\\\/schema\\\/logo\\\/image\\\/\"}}]}<\/script>\n<!-- \/ Yoast SEO plugin. -->","yoast_head_json":{"title":"Przygotowanie do egzamin\u00f3w - Taalbureau Accent","robots":{"index":"index","follow":"follow","max-snippet":"max-snippet:-1","max-image-preview":"max-image-preview:large","max-video-preview":"max-video-preview:-1"},"canonical":"https:\/\/taalbureauaccent.nl\/pl\/przygotowanie-do-egzaminow\/","og_locale":"pl_PL","og_type":"article","og_title":"Przygotowanie do egzamin\u00f3w - Taalbureau Accent","og_description":"Egzamin z holenderskiego na ka\u017cdym poziomie Regularnie przygotowuj\u0119 uczni\u00f3w do egzamin\u00f3w pa\u0144stwowych z j\u0119zyka holenderskiego, dlatego jestem na bie\u017c\u0105co z wszelkimi nowo\u015bciami, zmianami i aktualnymi materia\u0142ami edukacyjnymi. Podczas lekcji pr\u00f3bnej: Chcesz zda\u0107 egzamin pa\u0144stwowy z j\u0119zyka holenderskiego, ale nie wiesz, na jakim jeste\u015b poziomie? Uzupe\u0142nij formularz i um\u00f3w lekcj\u0119 pr\u00f3bn\u0105. [ vul het formulier in&hellip;","og_url":"https:\/\/taalbureauaccent.nl\/pl\/przygotowanie-do-egzaminow\/","og_site_name":"Taalbureau Accent","article_modified_time":"2024-11-22T15:20:22+00:00","twitter_card":"summary_large_image","twitter_misc":{"Szacowany czas czytania":"2 minuty"},"schema":{"@context":"https:\/\/schema.org","@graph":[{"@type":"WebPage","@id":"https:\/\/taalbureauaccent.nl\/pl\/przygotowanie-do-egzaminow\/","url":"https:\/\/taalbureauaccent.nl\/pl\/przygotowanie-do-egzaminow\/","name":"Przygotowanie do egzamin\u00f3w - Taalbureau Accent","isPartOf":{"@id":"https:\/\/taalbureauaccent.nl\/pl\/#website"},"datePublished":"2024-01-16T12:01:14+00:00","dateModified":"2024-11-22T15:20:22+00:00","breadcrumb":{"@id":"https:\/\/taalbureauaccent.nl\/pl\/przygotowanie-do-egzaminow\/#breadcrumb"},"inLanguage":"pl-PL","potentialAction":[{"@type":"ReadAction","target":["https:\/\/taalbureauaccent.nl\/pl\/przygotowanie-do-egzaminow\/"]}]},{"@type":"BreadcrumbList","@id":"https:\/\/taalbureauaccent.nl\/pl\/przygotowanie-do-egzaminow\/#breadcrumb","itemListElement":[{"@type":"ListItem","position":1,"name":"Home","item":"https:\/\/taalbureauaccent.nl\/pl\/"},{"@type":"ListItem","position":2,"name":"Przygotowanie do egzamin\u00f3w"}]},{"@type":"WebSite","@id":"https:\/\/taalbureauaccent.nl\/pl\/#website","url":"https:\/\/taalbureauaccent.nl\/pl\/","name":"Taalbureau Accent","description":"Taal Bureau Accent firma tworzona przez m\u0142odych, dynamicznych ludzi z ogromn\u0105 pasj\u0105 do nauczania.","publisher":{"@id":"https:\/\/taalbureauaccent.nl\/pl\/#organization"},"potentialAction":[{"@type":"SearchAction","target":{"@type":"EntryPoint","urlTemplate":"https:\/\/taalbureauaccent.nl\/pl\/?s={search_term_string}"},"query-input":{"@type":"PropertyValueSpecification","valueRequired":true,"valueName":"search_term_string"}}],"inLanguage":"pl-PL"},{"@type":"Organization","@id":"https:\/\/taalbureauaccent.nl\/pl\/#organization","name":"Taalbureau Accent","url":"https:\/\/taalbureauaccent.nl\/pl\/","logo":{"@type":"ImageObject","inLanguage":"pl-PL","@id":"https:\/\/taalbureauaccent.nl\/pl\/#\/schema\/logo\/image\/","url":"https:\/\/taalbureauaccent.nl\/pl\/wp-content\/uploads\/2024\/11\/cropped-TallBureauAccent-oryginal-png.webp","contentUrl":"https:\/\/taalbureauaccent.nl\/pl\/wp-content\/uploads\/2024\/11\/cropped-TallBureauAccent-oryginal-png.webp","width":150,"height":150,"caption":"Taalbureau Accent"},"image":{"@id":"https:\/\/taalbureauaccent.nl\/pl\/#\/schema\/logo\/image\/"}}]}},"_links":{"self":[{"href":"https:\/\/taalbureauaccent.nl\/pl\/wp-json\/wp\/v2\/pages\/1323","targetHints":{"allow":["GET"]}}],"collection":[{"href":"https:\/\/taalbureauaccent.nl\/pl\/wp-json\/wp\/v2\/pages"}],"about":[{"href":"https:\/\/taalbureauaccent.nl\/pl\/wp-json\/wp\/v2\/types\/page"}],"author":[{"embeddable":true,"href":"https:\/\/taalbureauaccent.nl\/pl\/wp-json\/wp\/v2\/users\/2"}],"replies":[{"embeddable":true,"href":"https:\/\/taalbureauaccent.nl\/pl\/wp-json\/wp\/v2\/comments?post=1323"}],"version-history":[{"count":0,"href":"https:\/\/taalbureauaccent.nl\/pl\/wp-json\/wp\/v2\/pages\/1323\/revisions"}],"wp:attachment":[{"href":"https:\/\/taalbureauaccent.nl\/pl\/wp-json\/wp\/v2\/media?parent=1323"}],"curies":[{"name":"wp","href":"https:\/\/api.w.org\/{rel}","templated":true}]}}