{"id":1322,"date":"2024-01-16T13:01:00","date_gmt":"2024-01-16T12:01:00","guid":{"rendered":"https:\/\/taalbureauaccent.nl\/pl\/?page_id=1322"},"modified":"2024-11-22T16:21:05","modified_gmt":"2024-11-22T15:21:05","slug":"szkolenia-dla-nauczycieli","status":"publish","type":"page","link":"https:\/\/taalbureauaccent.nl\/pl\/szkolenia-dla-nauczycieli\/","title":{"rendered":"Szkolenia dla nauczycieli"},"content":{"rendered":"\n<p>Jako do\u015bwiadczonynauczyciel holenderskiego chc\u0119 dzieli\u0107 si\u0119 swoj\u0105 wiedz\u0105 z innymi ucz\u0105cymi tego j\u0119zyka. Posz\u0142am wi\u0119c o krok dalej i stworzy\u0142am program szkole\u0144 dla nauczycieli.<\/p>\n\n\n\n<h2 class=\"wp-block-heading\">Zakres tematyczny szkole\u0144 dla nauczycieli<\/h2>\n\n\n\n<ul class=\"wp-block-list\">\n<li>Jak zosta\u0107 nauczycielem holenderskiego online?<\/li>\n\n\n\n<li>Sprawdzone sposoby na przygotowywanie zaj\u0119\u0107 grupowych i indywidualnych.<\/li>\n\n\n\n<li>Gdzie szuka\u0107 materia\u0142\u00f3w do nauki niderlandzkiego?<\/li>\n\n\n\n<li>Jak dobra\u0107 odpowiedni podr\u0119cznik?<\/li>\n\n\n\n<li>Jak uczy\u0107 bez podr\u0119cznika i tworzy\u0107 \u0107wiczenia do materia\u0142\u00f3w autentycznych?<\/li>\n\n\n\n<li>Jak stworzy\u0107 autorskie materia\u0142y do nauki holenderskiego online?<\/li>\n<\/ul>\n\n\n\n<p>Masz dodatkowe pytania? Wy\u015blij zapytanie lub zadzwo\u0144.<\/p>\n\n\n\n<h2 class=\"wp-block-heading\">Wsparcie mentorskie <\/h2>\n\n\n\n<p>Opr\u00f3cz inspiruj\u0105cych lekcji <strong>otrzymasz te\u017c wsparcie mentorskie<\/strong>. <strong>Pomog\u0119 Ci unikn\u0105\u0107 b\u0142\u0119d\u00f3w<\/strong>, kt\u00f3re pope\u0142ni\u0142am na pocz\u0105tku mojej kariery.<\/p>\n\n\n\n<ul class=\"wp-block-list\">\n<li><strong>Naucz\u0119 Ci\u0119<\/strong>,&nbsp; jak <strong>tworzy\u0107 materia\u0142y dydaktyczne, kt\u00f3re odpowiadaj\u0105 na indywidualne potrzeby<\/strong> ucznia,<\/li>\n\n\n\n<li><strong>Podpowiem<\/strong>, <strong>jak nie zanudzi\u0107 na lekcjach <\/strong>holenderskiego <strong>dla pocz\u0105tkuj\u0105cych<\/strong>,<\/li>\n\n\n\n<li><strong>Zweryfikuj\u0119<\/strong>, dlaczego Twoja<strong> metoda si\u0119 nie sprawdza<\/strong>.<\/li>\n<\/ul>\n\n\n\n<p>Zapisz si\u0119 na najbli\u017csze szkolenie<\/p>\n\n\n\n<div class=\"wpcf7 no-js\" id=\"wpcf7-f52-o1\" lang=\"nl-NL\" dir=\"ltr\" data-wpcf7-id=\"52\">\n<div class=\"screen-reader-response\"><p role=\"status\" aria-live=\"polite\" aria-atomic=\"true\"><\/p> <ul><\/ul><\/div>\n<form action=\"\/pl\/wp-json\/wp\/v2\/pages\/1322#wpcf7-f52-o1\" method=\"post\" class=\"wpcf7-form init\" aria-label=\"Contactformulier\" novalidate=\"novalidate\" data-status=\"init\">\n<fieldset class=\"hidden-fields-container\"><input type=\"hidden\" name=\"_wpcf7\" value=\"52\" \/><input type=\"hidden\" name=\"_wpcf7_version\" value=\"6.1.5\" \/><input type=\"hidden\" name=\"_wpcf7_locale\" value=\"nl_NL\" \/><input type=\"hidden\" name=\"_wpcf7_unit_tag\" value=\"wpcf7-f52-o1\" \/><input type=\"hidden\" name=\"_wpcf7_container_post\" value=\"0\" \/><input type=\"hidden\" name=\"_wpcf7_posted_data_hash\" value=\"\" \/><input type=\"hidden\" name=\"_wpcf7_recaptcha_response\" value=\"\" \/>\n<\/fieldset>\n<p><label> Imi\u0119 (obowi\u0105zkowe)<br \/>\n<span class=\"wpcf7-form-control-wrap\" data-name=\"your-name\"><input size=\"40\" maxlength=\"400\" class=\"wpcf7-form-control wpcf7-text wpcf7-validates-as-required\" aria-required=\"true\" aria-invalid=\"false\" value=\"\" type=\"text\" name=\"your-name\" \/><\/span> <\/label>\n<\/p>\n<p><label> E-mail (obowi\u0105zkowe)<br \/>\n<span class=\"wpcf7-form-control-wrap\" data-name=\"your-email\"><input size=\"40\" maxlength=\"400\" class=\"wpcf7-form-control wpcf7-email wpcf7-validates-as-required wpcf7-text wpcf7-validates-as-email\" aria-required=\"true\" aria-invalid=\"false\" value=\"\" type=\"email\" name=\"your-email\" \/><\/span> <\/label>\n<\/p>\n<p><label> Nazwa firmy<br \/>\n<span class=\"wpcf7-form-control-wrap\" data-name=\"your-message\"><input size=\"40\" maxlength=\"400\" class=\"wpcf7-form-control wpcf7-text\" aria-invalid=\"false\" value=\"\" type=\"text\" name=\"your-message\" \/><\/span> <\/label>\n<\/p>\n<p><label><br \/>\n<span class=\"wpcf7-form-control-wrap\" data-name=\"acceptance-546\"><span class=\"wpcf7-form-control wpcf7-acceptance optional\"><span class=\"wpcf7-list-item\"><label><input type=\"checkbox\" name=\"acceptance-546\" value=\"1\" aria-invalid=\"false\" \/><span class=\"wpcf7-list-item-label\">Chc\u0119 dowiedzie\u0107 si\u0119 wi\u0119cej o us\u0142udze t\u0142umacza<\/span><\/label><\/span><\/span><\/span><br \/>\n<\/label>\n<\/p>\n<p><input class=\"wpcf7-form-control wpcf7-submit has-spinner\" type=\"submit\" value=\"Wy\u015blij\" \/>\n<\/p><div class=\"wpcf7-response-output\" aria-hidden=\"true\"><\/div>\n<\/form>\n<\/div>\n\n","protected":false},"excerpt":{"rendered":"<p>Jako do\u015bwiadczonynauczyciel holenderskiego chc\u0119 dzieli\u0107 si\u0119 swoj\u0105 wiedz\u0105 z innymi ucz\u0105cymi tego j\u0119zyka. Posz\u0142am wi\u0119c o krok dalej i stworzy\u0142am program szkole\u0144 dla nauczycieli. Zakres tematyczny szkole\u0144 dla nauczycieli Masz dodatkowe pytania? Wy\u015blij zapytanie lub zadzwo\u0144. Wsparcie mentorskie Opr\u00f3cz inspiruj\u0105cych lekcji otrzymasz te\u017c wsparcie mentorskie. Pomog\u0119 Ci unikn\u0105\u0107 b\u0142\u0119d\u00f3w, kt\u00f3re pope\u0142ni\u0142am na pocz\u0105tku mojej kariery.&hellip;<\/p>\n","protected":false},"author":2,"featured_media":0,"parent":0,"menu_order":0,"comment_status":"closed","ping_status":"closed","template":"","meta":{"footnotes":""},"class_list":["post-1322","page","type-page","status-publish","hentry"],"yoast_head":"<!-- This site is optimized with the Yoast SEO plugin v27.5 - https:\/\/yoast.com\/product\/yoast-seo-wordpress\/ -->\n<title>Szkolenia dla nauczycieli - Taalbureau Accent<\/title>\n<meta name=\"robots\" content=\"index, follow, max-snippet:-1, max-image-preview:large, max-video-preview:-1\" \/>\n<link rel=\"canonical\" href=\"https:\/\/taalbureauaccent.nl\/pl\/szkolenia-dla-nauczycieli\/\" \/>\n<meta property=\"og:locale\" content=\"pl_PL\" \/>\n<meta property=\"og:type\" content=\"article\" \/>\n<meta property=\"og:title\" content=\"Szkolenia dla nauczycieli - Taalbureau Accent\" \/>\n<meta property=\"og:description\" content=\"Jako do\u015bwiadczonynauczyciel holenderskiego chc\u0119 dzieli\u0107 si\u0119 swoj\u0105 wiedz\u0105 z innymi ucz\u0105cymi tego j\u0119zyka. Posz\u0142am wi\u0119c o krok dalej i stworzy\u0142am program szkole\u0144 dla nauczycieli. Zakres tematyczny szkole\u0144 dla nauczycieli Masz dodatkowe pytania? Wy\u015blij zapytanie lub zadzwo\u0144. Wsparcie mentorskie Opr\u00f3cz inspiruj\u0105cych lekcji otrzymasz te\u017c wsparcie mentorskie. Pomog\u0119 Ci unikn\u0105\u0107 b\u0142\u0119d\u00f3w, kt\u00f3re pope\u0142ni\u0142am na pocz\u0105tku mojej kariery.&hellip;\" \/>\n<meta property=\"og:url\" content=\"https:\/\/taalbureauaccent.nl\/pl\/szkolenia-dla-nauczycieli\/\" \/>\n<meta property=\"og:site_name\" content=\"Taalbureau Accent\" \/>\n<meta property=\"article:modified_time\" content=\"2024-11-22T15:21:05+00:00\" \/>\n<meta name=\"twitter:card\" content=\"summary_large_image\" \/>\n<meta name=\"twitter:label1\" content=\"Szacowany czas czytania\" \/>\n\t<meta name=\"twitter:data1\" content=\"1 minuta\" \/>\n<script type=\"application\/ld+json\" class=\"yoast-schema-graph\">{\"@context\":\"https:\\\/\\\/schema.org\",\"@graph\":[{\"@type\":\"WebPage\",\"@id\":\"https:\\\/\\\/taalbureauaccent.nl\\\/pl\\\/szkolenia-dla-nauczycieli\\\/\",\"url\":\"https:\\\/\\\/taalbureauaccent.nl\\\/pl\\\/szkolenia-dla-nauczycieli\\\/\",\"name\":\"Szkolenia dla nauczycieli - Taalbureau Accent\",\"isPartOf\":{\"@id\":\"https:\\\/\\\/taalbureauaccent.nl\\\/pl\\\/#website\"},\"datePublished\":\"2024-01-16T12:01:00+00:00\",\"dateModified\":\"2024-11-22T15:21:05+00:00\",\"breadcrumb\":{\"@id\":\"https:\\\/\\\/taalbureauaccent.nl\\\/pl\\\/szkolenia-dla-nauczycieli\\\/#breadcrumb\"},\"inLanguage\":\"pl-PL\",\"potentialAction\":[{\"@type\":\"ReadAction\",\"target\":[\"https:\\\/\\\/taalbureauaccent.nl\\\/pl\\\/szkolenia-dla-nauczycieli\\\/\"]}]},{\"@type\":\"BreadcrumbList\",\"@id\":\"https:\\\/\\\/taalbureauaccent.nl\\\/pl\\\/szkolenia-dla-nauczycieli\\\/#breadcrumb\",\"itemListElement\":[{\"@type\":\"ListItem\",\"position\":1,\"name\":\"Home\",\"item\":\"https:\\\/\\\/taalbureauaccent.nl\\\/pl\\\/\"},{\"@type\":\"ListItem\",\"position\":2,\"name\":\"Szkolenia dla nauczycieli\"}]},{\"@type\":\"WebSite\",\"@id\":\"https:\\\/\\\/taalbureauaccent.nl\\\/pl\\\/#website\",\"url\":\"https:\\\/\\\/taalbureauaccent.nl\\\/pl\\\/\",\"name\":\"Taalbureau Accent\",\"description\":\"Taal Bureau Accent firma tworzona przez m\u0142odych, dynamicznych ludzi z ogromn\u0105 pasj\u0105 do nauczania.\",\"publisher\":{\"@id\":\"https:\\\/\\\/taalbureauaccent.nl\\\/pl\\\/#organization\"},\"potentialAction\":[{\"@type\":\"SearchAction\",\"target\":{\"@type\":\"EntryPoint\",\"urlTemplate\":\"https:\\\/\\\/taalbureauaccent.nl\\\/pl\\\/?s={search_term_string}\"},\"query-input\":{\"@type\":\"PropertyValueSpecification\",\"valueRequired\":true,\"valueName\":\"search_term_string\"}}],\"inLanguage\":\"pl-PL\"},{\"@type\":\"Organization\",\"@id\":\"https:\\\/\\\/taalbureauaccent.nl\\\/pl\\\/#organization\",\"name\":\"Taalbureau Accent\",\"url\":\"https:\\\/\\\/taalbureauaccent.nl\\\/pl\\\/\",\"logo\":{\"@type\":\"ImageObject\",\"inLanguage\":\"pl-PL\",\"@id\":\"https:\\\/\\\/taalbureauaccent.nl\\\/pl\\\/#\\\/schema\\\/logo\\\/image\\\/\",\"url\":\"https:\\\/\\\/taalbureauaccent.nl\\\/pl\\\/wp-content\\\/uploads\\\/2024\\\/11\\\/cropped-TallBureauAccent-oryginal-png.webp\",\"contentUrl\":\"https:\\\/\\\/taalbureauaccent.nl\\\/pl\\\/wp-content\\\/uploads\\\/2024\\\/11\\\/cropped-TallBureauAccent-oryginal-png.webp\",\"width\":150,\"height\":150,\"caption\":\"Taalbureau Accent\"},\"image\":{\"@id\":\"https:\\\/\\\/taalbureauaccent.nl\\\/pl\\\/#\\\/schema\\\/logo\\\/image\\\/\"}}]}<\/script>\n<!-- \/ Yoast SEO plugin. -->","yoast_head_json":{"title":"Szkolenia dla nauczycieli - Taalbureau Accent","robots":{"index":"index","follow":"follow","max-snippet":"max-snippet:-1","max-image-preview":"max-image-preview:large","max-video-preview":"max-video-preview:-1"},"canonical":"https:\/\/taalbureauaccent.nl\/pl\/szkolenia-dla-nauczycieli\/","og_locale":"pl_PL","og_type":"article","og_title":"Szkolenia dla nauczycieli - Taalbureau Accent","og_description":"Jako do\u015bwiadczonynauczyciel holenderskiego chc\u0119 dzieli\u0107 si\u0119 swoj\u0105 wiedz\u0105 z innymi ucz\u0105cymi tego j\u0119zyka. Posz\u0142am wi\u0119c o krok dalej i stworzy\u0142am program szkole\u0144 dla nauczycieli. Zakres tematyczny szkole\u0144 dla nauczycieli Masz dodatkowe pytania? Wy\u015blij zapytanie lub zadzwo\u0144. Wsparcie mentorskie Opr\u00f3cz inspiruj\u0105cych lekcji otrzymasz te\u017c wsparcie mentorskie. Pomog\u0119 Ci unikn\u0105\u0107 b\u0142\u0119d\u00f3w, kt\u00f3re pope\u0142ni\u0142am na pocz\u0105tku mojej kariery.&hellip;","og_url":"https:\/\/taalbureauaccent.nl\/pl\/szkolenia-dla-nauczycieli\/","og_site_name":"Taalbureau Accent","article_modified_time":"2024-11-22T15:21:05+00:00","twitter_card":"summary_large_image","twitter_misc":{"Szacowany czas czytania":"1 minuta"},"schema":{"@context":"https:\/\/schema.org","@graph":[{"@type":"WebPage","@id":"https:\/\/taalbureauaccent.nl\/pl\/szkolenia-dla-nauczycieli\/","url":"https:\/\/taalbureauaccent.nl\/pl\/szkolenia-dla-nauczycieli\/","name":"Szkolenia dla nauczycieli - Taalbureau Accent","isPartOf":{"@id":"https:\/\/taalbureauaccent.nl\/pl\/#website"},"datePublished":"2024-01-16T12:01:00+00:00","dateModified":"2024-11-22T15:21:05+00:00","breadcrumb":{"@id":"https:\/\/taalbureauaccent.nl\/pl\/szkolenia-dla-nauczycieli\/#breadcrumb"},"inLanguage":"pl-PL","potentialAction":[{"@type":"ReadAction","target":["https:\/\/taalbureauaccent.nl\/pl\/szkolenia-dla-nauczycieli\/"]}]},{"@type":"BreadcrumbList","@id":"https:\/\/taalbureauaccent.nl\/pl\/szkolenia-dla-nauczycieli\/#breadcrumb","itemListElement":[{"@type":"ListItem","position":1,"name":"Home","item":"https:\/\/taalbureauaccent.nl\/pl\/"},{"@type":"ListItem","position":2,"name":"Szkolenia dla nauczycieli"}]},{"@type":"WebSite","@id":"https:\/\/taalbureauaccent.nl\/pl\/#website","url":"https:\/\/taalbureauaccent.nl\/pl\/","name":"Taalbureau Accent","description":"Taal Bureau Accent firma tworzona przez m\u0142odych, dynamicznych ludzi z ogromn\u0105 pasj\u0105 do nauczania.","publisher":{"@id":"https:\/\/taalbureauaccent.nl\/pl\/#organization"},"potentialAction":[{"@type":"SearchAction","target":{"@type":"EntryPoint","urlTemplate":"https:\/\/taalbureauaccent.nl\/pl\/?s={search_term_string}"},"query-input":{"@type":"PropertyValueSpecification","valueRequired":true,"valueName":"search_term_string"}}],"inLanguage":"pl-PL"},{"@type":"Organization","@id":"https:\/\/taalbureauaccent.nl\/pl\/#organization","name":"Taalbureau Accent","url":"https:\/\/taalbureauaccent.nl\/pl\/","logo":{"@type":"ImageObject","inLanguage":"pl-PL","@id":"https:\/\/taalbureauaccent.nl\/pl\/#\/schema\/logo\/image\/","url":"https:\/\/taalbureauaccent.nl\/pl\/wp-content\/uploads\/2024\/11\/cropped-TallBureauAccent-oryginal-png.webp","contentUrl":"https:\/\/taalbureauaccent.nl\/pl\/wp-content\/uploads\/2024\/11\/cropped-TallBureauAccent-oryginal-png.webp","width":150,"height":150,"caption":"Taalbureau Accent"},"image":{"@id":"https:\/\/taalbureauaccent.nl\/pl\/#\/schema\/logo\/image\/"}}]}},"_links":{"self":[{"href":"https:\/\/taalbureauaccent.nl\/pl\/wp-json\/wp\/v2\/pages\/1322","targetHints":{"allow":["GET"]}}],"collection":[{"href":"https:\/\/taalbureauaccent.nl\/pl\/wp-json\/wp\/v2\/pages"}],"about":[{"href":"https:\/\/taalbureauaccent.nl\/pl\/wp-json\/wp\/v2\/types\/page"}],"author":[{"embeddable":true,"href":"https:\/\/taalbureauaccent.nl\/pl\/wp-json\/wp\/v2\/users\/2"}],"replies":[{"embeddable":true,"href":"https:\/\/taalbureauaccent.nl\/pl\/wp-json\/wp\/v2\/comments?post=1322"}],"version-history":[{"count":0,"href":"https:\/\/taalbureauaccent.nl\/pl\/wp-json\/wp\/v2\/pages\/1322\/revisions"}],"wp:attachment":[{"href":"https:\/\/taalbureauaccent.nl\/pl\/wp-json\/wp\/v2\/media?parent=1322"}],"curies":[{"name":"wp","href":"https:\/\/api.w.org\/{rel}","templated":true}]}}