{"id":11,"date":"2017-06-18T22:34:56","date_gmt":"2017-06-18T20:34:56","guid":{"rendered":"http:\/\/taalbureauaccent.nl\/pl\/?page_id=11"},"modified":"2024-11-22T16:18:10","modified_gmt":"2024-11-22T15:18:10","slug":"kim-jestem","status":"publish","type":"page","link":"https:\/\/taalbureauaccent.nl\/pl\/kim-jestem\/","title":{"rendered":"Kim jestem?"},"content":{"rendered":"\n<div class=\"wp-block-columns are-vertically-aligned-center is-layout-flex wp-container-core-columns-is-layout-9d6595d7 wp-block-columns-is-layout-flex\">\n<div class=\"wp-block-column is-vertically-aligned-center is-layout-flow wp-block-column-is-layout-flow\">\n<p><strong>Cze\u015b\u0107, nazywam si\u0119 Aleksandra Westerveen-Wojtysiak i dotrzymam Ci kroku w nauce niderlandzkiego. Najpierw jednak poznaj moj\u0105 histori\u0119 z Holandi\u0105 w tle\u2026 <\/strong><strong><\/strong><\/p>\n\n\n\n<h3 class=\"wp-block-heading\">Mistrzostwa w ta\u0144cu, pierwsze kroki w nauce niderlandzkiego<\/h3>\n\n\n\n<p>W 2005 roku wywr\u00f3ci\u0142am swoje \u017cycie do g\u00f3ry nogami i wyjecha\u0142am z Polski, \u017ceby spe\u0142nia\u0107 marzenia i rozwija\u0107 karier\u0119 taneczn\u0105. Zdoby\u0142am kilka tytu\u0142\u00f3w mistrza Holandii.<\/p>\n\n\n\n<p>Budowanie \u017cycia na obczy\u017anie nie jest \u0142atwe. By\u0142am przekonana, \u017ce znajomo\u015b\u0107 j\u0119zyka pomo\u017ce mi zaaklimatyzowa\u0107 si\u0119, wi\u0119c postanowi\u0142am uczy\u0107 si\u0119 go konsekwentnie. Wiedzia\u0142am te\u017c, \u017ce b\u0119dzie to moja przepustka do nieograniczonych mo\u017cliwo\u015bci.<\/p>\n\n\n\n<p>Okaza\u0142o si\u0119 jednak, \u017ce nie tylko taniec jest moj\u0105 pasj\u0105. Pokocha\u0142am j\u0119zyk niderlandzki! Zamiast zak\u0142ada\u0107 szko\u0142\u0119 ta\u0144ca, zaj\u0119\u0142am si\u0119 nauk\u0105 niderlandzkiego i t\u0142umaczeniami. W 2017 roku z mi\u0142o\u015bci do ojczyzny&nbsp;i pasji do j\u0119zyka niderlandzkiego powsta\u0142a moja firma <strong>Taalbureau Accent<\/strong>.<\/p>\n\n\n\n<h3 class=\"wp-block-heading\">Z nauk\u0105 niderlandzkiego jest jak z ta\u0144cem\u2026<\/h3>\n\n\n\n<p>Ka\u017cdy mo\u017ce si\u0119 go nauczy\u0107, ale najlepiej pod czujnym okiem eksperta. Jako kreatywny nauczyciel holenderskiego nie b\u0119d\u0119 Twoim mentorem, ale partnerem w nauce.<\/p>\n\n\n\n<p><strong>Przekonam Ci\u0119, \u017ce podr\u0119cznik to nie baza, ale dodatek do nauki niderlandzkiego<\/strong>. Na jego podstawie przygotowuj\u0119 materia\u0142y i pokazuj\u0119, jak uczy\u0107 si\u0119 j\u0119zyka samodzielnie w domu. Bo tylko regularna nauka, cho\u0107by 15 minut codziennie, przynosi najlepsze efekty.<\/p>\n\n\n\n<ul class=\"wp-block-list\">\n<li>Dzia\u0142am w my\u015bl <strong>zasady Konfucjusza<\/strong>: \u201ePowiedz mi, a zapomn\u0119, poka\u017c mi, a zapami\u0119tam,&nbsp;<strong>pozw\u00f3l mi zrobi\u0107, a zrozumiem<\/strong>\u201d. Na podstawie przygotowanych materia\u0142\u00f3w moi uczniowie sami dochodz\u0105 do rozwi\u0105zania j\u0119zykowych problem\u00f3w i dzi\u0119ki temu wi\u0119cej rozumiej\u0105.<\/li>\n<\/ul>\n\n\n\n<ul class=\"wp-block-list\">\n<li><strong>Stawiam na praktyk\u0119 i m\u00f3wienie.<\/strong> Ucz\u0119 j\u0119zyka potocznego, unikam abstrakcyjnych podr\u0119cznikowych temat\u00f3w, odkrywam tajniki kulturowe. Chc\u0119, by moi uczniowie szybko zacz\u0119li u\u017cywa\u0107 j\u0119zyka niderlandzkiego w praktyce, nawet je\u015bli maj\u0105 tylko podstawowy zas\u00f3b s\u0142\u00f3w.<\/li>\n<\/ul>\n\n\n\n<h3 class=\"wp-block-heading\">Nauka j\u0119zyka niderlandzkiego mo\u017ce odmieni\u0107 \u017cycie <\/h3>\n\n\n\n<p>Wyjazd do Holandii odmieni\u0142 te\u017c moje \u017cycie zawodowe i prywatne. Znalaz\u0142am partnera do ta\u0144ca, a nasza wsp\u00f3lna pasja przerodzi\u0142a si\u0119 w co\u015b wi\u0119cej. Obecnie jestem szcz\u0119\u015bliw\u0105 \u017con\u0105 i mam\u0105 dw\u00f3ch wspania\u0142ych syn\u00f3w.<\/p>\n<\/div>\n\n\n\n<div class=\"wp-block-column is-vertically-aligned-center is-layout-flow wp-block-column-is-layout-flow\">\n<figure class=\"wp-block-image size-full is-style-rounded\"><img decoding=\"async\" sizes=\"(max-width: 500px) 100vw, 500px\" src=\"https:\/\/taalbureauaccent.nl\/pl\/wp-content\/uploads\/2024\/04\/DSC00555-edited.jpeg\" alt=\"\" class=\"wp-image-1354\"\/><\/figure>\n<\/div>\n<\/div>\n","protected":false},"excerpt":{"rendered":"<p>Cze\u015b\u0107, nazywam si\u0119 Aleksandra Westerveen-Wojtysiak i dotrzymam Ci kroku w nauce niderlandzkiego. Najpierw jednak poznaj moj\u0105 histori\u0119 z Holandi\u0105 w tle\u2026 Mistrzostwa w ta\u0144cu, pierwsze kroki w nauce niderlandzkiego W 2005 roku wywr\u00f3ci\u0142am swoje \u017cycie do g\u00f3ry nogami i wyjecha\u0142am z Polski, \u017ceby spe\u0142nia\u0107 marzenia i rozwija\u0107 karier\u0119 taneczn\u0105. Zdoby\u0142am kilka tytu\u0142\u00f3w mistrza Holandii. Budowanie&hellip;<\/p>\n","protected":false},"author":1,"featured_media":1355,"parent":0,"menu_order":0,"comment_status":"closed","ping_status":"closed","template":"","meta":{"footnotes":""},"class_list":["post-11","page","type-page","status-publish","has-post-thumbnail","hentry"],"yoast_head":"<!-- This site is optimized with the Yoast SEO plugin v27.5 - https:\/\/yoast.com\/product\/yoast-seo-wordpress\/ -->\n<title>Poznaj Aleksandr\u0119 z Taal Bureau Accent<\/title>\n<meta name=\"description\" content=\"Taal Bureau Accent - do Twoich polsko-holenderskich us\u0142ug j\u0119zykowych i biznesowych\" \/>\n<meta name=\"robots\" content=\"index, follow, max-snippet:-1, max-image-preview:large, max-video-preview:-1\" \/>\n<link rel=\"canonical\" href=\"https:\/\/taalbureauaccent.nl\/pl\/kim-jestem\/\" \/>\n<meta property=\"og:locale\" content=\"pl_PL\" \/>\n<meta property=\"og:type\" content=\"article\" \/>\n<meta property=\"og:title\" content=\"Poznaj Aleksandr\u0119 z Taal Bureau Accent\" \/>\n<meta property=\"og:description\" content=\"Taal Bureau Accent - do Twoich polsko-holenderskich us\u0142ug j\u0119zykowych i biznesowych\" \/>\n<meta property=\"og:url\" content=\"https:\/\/taalbureauaccent.nl\/pl\/kim-jestem\/\" \/>\n<meta property=\"og:site_name\" content=\"Taalbureau Accent\" \/>\n<meta property=\"article:modified_time\" content=\"2024-11-22T15:18:10+00:00\" \/>\n<meta property=\"og:image\" content=\"https:\/\/taalbureauaccent.nl\/pl\/wp-content\/uploads\/2024\/04\/Wie-ben-ik-banner-jpg.webp\" \/>\n\t<meta property=\"og:image:width\" content=\"1000\" \/>\n\t<meta property=\"og:image:height\" content=\"400\" \/>\n\t<meta property=\"og:image:type\" content=\"image\/jpeg\" \/>\n<meta name=\"twitter:card\" content=\"summary_large_image\" \/>\n<meta name=\"twitter:label1\" content=\"Szacowany czas czytania\" \/>\n\t<meta name=\"twitter:data1\" content=\"3 minuty\" \/>\n<script type=\"application\/ld+json\" class=\"yoast-schema-graph\">{\"@context\":\"https:\\\/\\\/schema.org\",\"@graph\":[{\"@type\":\"WebPage\",\"@id\":\"https:\\\/\\\/taalbureauaccent.nl\\\/pl\\\/kim-jestem\\\/\",\"url\":\"https:\\\/\\\/taalbureauaccent.nl\\\/pl\\\/kim-jestem\\\/\",\"name\":\"Poznaj Aleksandr\u0119 z Taal Bureau Accent\",\"isPartOf\":{\"@id\":\"https:\\\/\\\/taalbureauaccent.nl\\\/pl\\\/#website\"},\"primaryImageOfPage\":{\"@id\":\"https:\\\/\\\/taalbureauaccent.nl\\\/pl\\\/kim-jestem\\\/#primaryimage\"},\"image\":{\"@id\":\"https:\\\/\\\/taalbureauaccent.nl\\\/pl\\\/kim-jestem\\\/#primaryimage\"},\"thumbnailUrl\":\"https:\\\/\\\/taalbureauaccent.nl\\\/pl\\\/wp-content\\\/uploads\\\/2024\\\/04\\\/Wie-ben-ik-banner-jpg.webp\",\"datePublished\":\"2017-06-18T20:34:56+00:00\",\"dateModified\":\"2024-11-22T15:18:10+00:00\",\"description\":\"Taal Bureau Accent - do Twoich polsko-holenderskich us\u0142ug j\u0119zykowych i biznesowych\",\"breadcrumb\":{\"@id\":\"https:\\\/\\\/taalbureauaccent.nl\\\/pl\\\/kim-jestem\\\/#breadcrumb\"},\"inLanguage\":\"pl-PL\",\"potentialAction\":[{\"@type\":\"ReadAction\",\"target\":[\"https:\\\/\\\/taalbureauaccent.nl\\\/pl\\\/kim-jestem\\\/\"]}]},{\"@type\":\"ImageObject\",\"inLanguage\":\"pl-PL\",\"@id\":\"https:\\\/\\\/taalbureauaccent.nl\\\/pl\\\/kim-jestem\\\/#primaryimage\",\"url\":\"https:\\\/\\\/taalbureauaccent.nl\\\/pl\\\/wp-content\\\/uploads\\\/2024\\\/04\\\/Wie-ben-ik-banner-jpg.webp\",\"contentUrl\":\"https:\\\/\\\/taalbureauaccent.nl\\\/pl\\\/wp-content\\\/uploads\\\/2024\\\/04\\\/Wie-ben-ik-banner-jpg.webp\",\"width\":1000,\"height\":400},{\"@type\":\"BreadcrumbList\",\"@id\":\"https:\\\/\\\/taalbureauaccent.nl\\\/pl\\\/kim-jestem\\\/#breadcrumb\",\"itemListElement\":[{\"@type\":\"ListItem\",\"position\":1,\"name\":\"Home\",\"item\":\"https:\\\/\\\/taalbureauaccent.nl\\\/pl\\\/\"},{\"@type\":\"ListItem\",\"position\":2,\"name\":\"Kim jestem?\"}]},{\"@type\":\"WebSite\",\"@id\":\"https:\\\/\\\/taalbureauaccent.nl\\\/pl\\\/#website\",\"url\":\"https:\\\/\\\/taalbureauaccent.nl\\\/pl\\\/\",\"name\":\"Taalbureau Accent\",\"description\":\"Taal Bureau Accent firma tworzona przez m\u0142odych, dynamicznych ludzi z ogromn\u0105 pasj\u0105 do nauczania.\",\"publisher\":{\"@id\":\"https:\\\/\\\/taalbureauaccent.nl\\\/pl\\\/#organization\"},\"potentialAction\":[{\"@type\":\"SearchAction\",\"target\":{\"@type\":\"EntryPoint\",\"urlTemplate\":\"https:\\\/\\\/taalbureauaccent.nl\\\/pl\\\/?s={search_term_string}\"},\"query-input\":{\"@type\":\"PropertyValueSpecification\",\"valueRequired\":true,\"valueName\":\"search_term_string\"}}],\"inLanguage\":\"pl-PL\"},{\"@type\":\"Organization\",\"@id\":\"https:\\\/\\\/taalbureauaccent.nl\\\/pl\\\/#organization\",\"name\":\"Taalbureau Accent\",\"url\":\"https:\\\/\\\/taalbureauaccent.nl\\\/pl\\\/\",\"logo\":{\"@type\":\"ImageObject\",\"inLanguage\":\"pl-PL\",\"@id\":\"https:\\\/\\\/taalbureauaccent.nl\\\/pl\\\/#\\\/schema\\\/logo\\\/image\\\/\",\"url\":\"https:\\\/\\\/taalbureauaccent.nl\\\/pl\\\/wp-content\\\/uploads\\\/2024\\\/11\\\/cropped-TallBureauAccent-oryginal-png.webp\",\"contentUrl\":\"https:\\\/\\\/taalbureauaccent.nl\\\/pl\\\/wp-content\\\/uploads\\\/2024\\\/11\\\/cropped-TallBureauAccent-oryginal-png.webp\",\"width\":150,\"height\":150,\"caption\":\"Taalbureau Accent\"},\"image\":{\"@id\":\"https:\\\/\\\/taalbureauaccent.nl\\\/pl\\\/#\\\/schema\\\/logo\\\/image\\\/\"}}]}<\/script>\n<!-- \/ Yoast SEO plugin. -->","yoast_head_json":{"title":"Poznaj Aleksandr\u0119 z Taal Bureau Accent","description":"Taal Bureau Accent - do Twoich polsko-holenderskich us\u0142ug j\u0119zykowych i biznesowych","robots":{"index":"index","follow":"follow","max-snippet":"max-snippet:-1","max-image-preview":"max-image-preview:large","max-video-preview":"max-video-preview:-1"},"canonical":"https:\/\/taalbureauaccent.nl\/pl\/kim-jestem\/","og_locale":"pl_PL","og_type":"article","og_title":"Poznaj Aleksandr\u0119 z Taal Bureau Accent","og_description":"Taal Bureau Accent - do Twoich polsko-holenderskich us\u0142ug j\u0119zykowych i biznesowych","og_url":"https:\/\/taalbureauaccent.nl\/pl\/kim-jestem\/","og_site_name":"Taalbureau Accent","article_modified_time":"2024-11-22T15:18:10+00:00","og_image":[{"width":1000,"height":400,"url":"https:\/\/taalbureauaccent.nl\/pl\/wp-content\/uploads\/2024\/04\/Wie-ben-ik-banner-jpg.webp","type":"image\/jpeg"}],"twitter_card":"summary_large_image","twitter_misc":{"Szacowany czas czytania":"3 minuty"},"schema":{"@context":"https:\/\/schema.org","@graph":[{"@type":"WebPage","@id":"https:\/\/taalbureauaccent.nl\/pl\/kim-jestem\/","url":"https:\/\/taalbureauaccent.nl\/pl\/kim-jestem\/","name":"Poznaj Aleksandr\u0119 z Taal Bureau Accent","isPartOf":{"@id":"https:\/\/taalbureauaccent.nl\/pl\/#website"},"primaryImageOfPage":{"@id":"https:\/\/taalbureauaccent.nl\/pl\/kim-jestem\/#primaryimage"},"image":{"@id":"https:\/\/taalbureauaccent.nl\/pl\/kim-jestem\/#primaryimage"},"thumbnailUrl":"https:\/\/taalbureauaccent.nl\/pl\/wp-content\/uploads\/2024\/04\/Wie-ben-ik-banner-jpg.webp","datePublished":"2017-06-18T20:34:56+00:00","dateModified":"2024-11-22T15:18:10+00:00","description":"Taal Bureau Accent - do Twoich polsko-holenderskich us\u0142ug j\u0119zykowych i biznesowych","breadcrumb":{"@id":"https:\/\/taalbureauaccent.nl\/pl\/kim-jestem\/#breadcrumb"},"inLanguage":"pl-PL","potentialAction":[{"@type":"ReadAction","target":["https:\/\/taalbureauaccent.nl\/pl\/kim-jestem\/"]}]},{"@type":"ImageObject","inLanguage":"pl-PL","@id":"https:\/\/taalbureauaccent.nl\/pl\/kim-jestem\/#primaryimage","url":"https:\/\/taalbureauaccent.nl\/pl\/wp-content\/uploads\/2024\/04\/Wie-ben-ik-banner-jpg.webp","contentUrl":"https:\/\/taalbureauaccent.nl\/pl\/wp-content\/uploads\/2024\/04\/Wie-ben-ik-banner-jpg.webp","width":1000,"height":400},{"@type":"BreadcrumbList","@id":"https:\/\/taalbureauaccent.nl\/pl\/kim-jestem\/#breadcrumb","itemListElement":[{"@type":"ListItem","position":1,"name":"Home","item":"https:\/\/taalbureauaccent.nl\/pl\/"},{"@type":"ListItem","position":2,"name":"Kim jestem?"}]},{"@type":"WebSite","@id":"https:\/\/taalbureauaccent.nl\/pl\/#website","url":"https:\/\/taalbureauaccent.nl\/pl\/","name":"Taalbureau Accent","description":"Taal Bureau Accent firma tworzona przez m\u0142odych, dynamicznych ludzi z ogromn\u0105 pasj\u0105 do nauczania.","publisher":{"@id":"https:\/\/taalbureauaccent.nl\/pl\/#organization"},"potentialAction":[{"@type":"SearchAction","target":{"@type":"EntryPoint","urlTemplate":"https:\/\/taalbureauaccent.nl\/pl\/?s={search_term_string}"},"query-input":{"@type":"PropertyValueSpecification","valueRequired":true,"valueName":"search_term_string"}}],"inLanguage":"pl-PL"},{"@type":"Organization","@id":"https:\/\/taalbureauaccent.nl\/pl\/#organization","name":"Taalbureau Accent","url":"https:\/\/taalbureauaccent.nl\/pl\/","logo":{"@type":"ImageObject","inLanguage":"pl-PL","@id":"https:\/\/taalbureauaccent.nl\/pl\/#\/schema\/logo\/image\/","url":"https:\/\/taalbureauaccent.nl\/pl\/wp-content\/uploads\/2024\/11\/cropped-TallBureauAccent-oryginal-png.webp","contentUrl":"https:\/\/taalbureauaccent.nl\/pl\/wp-content\/uploads\/2024\/11\/cropped-TallBureauAccent-oryginal-png.webp","width":150,"height":150,"caption":"Taalbureau Accent"},"image":{"@id":"https:\/\/taalbureauaccent.nl\/pl\/#\/schema\/logo\/image\/"}}]}},"_links":{"self":[{"href":"https:\/\/taalbureauaccent.nl\/pl\/wp-json\/wp\/v2\/pages\/11","targetHints":{"allow":["GET"]}}],"collection":[{"href":"https:\/\/taalbureauaccent.nl\/pl\/wp-json\/wp\/v2\/pages"}],"about":[{"href":"https:\/\/taalbureauaccent.nl\/pl\/wp-json\/wp\/v2\/types\/page"}],"author":[{"embeddable":true,"href":"https:\/\/taalbureauaccent.nl\/pl\/wp-json\/wp\/v2\/users\/1"}],"replies":[{"embeddable":true,"href":"https:\/\/taalbureauaccent.nl\/pl\/wp-json\/wp\/v2\/comments?post=11"}],"version-history":[{"count":0,"href":"https:\/\/taalbureauaccent.nl\/pl\/wp-json\/wp\/v2\/pages\/11\/revisions"}],"wp:featuredmedia":[{"embeddable":true,"href":"https:\/\/taalbureauaccent.nl\/pl\/wp-json\/wp\/v2\/media\/1355"}],"wp:attachment":[{"href":"https:\/\/taalbureauaccent.nl\/pl\/wp-json\/wp\/v2\/media?parent=11"}],"curies":[{"name":"wp","href":"https:\/\/api.w.org\/{rel}","templated":true}]}}